{"id":447,"date":"2017-12-11T23:52:00","date_gmt":"2017-12-11T22:52:00","guid":{"rendered":"http:\/\/serwer-ekredytobiorca.home.pl\/wp-temp\/?page_id=447"},"modified":"2018-02-15T23:11:42","modified_gmt":"2018-02-15T22:11:42","slug":"dobre-praktyki-w-ksztalceniu-zawodowym","status":"publish","type":"page","link":"https:\/\/zptlewiatan.pl\/?page_id=447","title":{"rendered":"Dobre praktyki w kszta\u0142ceniu zawodowym"},"content":{"rendered":"<p><!-- VideographyWP Plugin Message: Automatic video embedding prevented by plugin options. --><br \/>\nJednym z cel\u00f3w Rady ds. Kompetencji Sektora Turystyki jest upowszechnianie dobrych praktyk w zakresie wsp\u00f3\u0142pracy \u015brodowisk biznesu i edukacji w celu podnoszenia jako\u015bci kszta\u0142cenia zawodowego. Jeste\u015bmy bowiem przekonani, \u017ce tego typu edukacja nie mo\u017ce by\u0107 realizowane w oderwaniu od rynku pracy. W zwi\u0105zku z tym, i\u017c g\u0142\u00f3wnym zadaniem edukacji zawodowej\u00a0 jest\u00a0 przygotowanie\u00a0 m\u0142odych\u00a0 ludzi\u00a0 do\u00a0 pracy,\u00a0 musi\u00a0 by\u0107\u00a0 ona\u00a0 podporz\u0105dkowana mechanizmom i tendencjom na rynku pracy oraz \u00a0 w \u00a0 gospodarce.<\/p>\n<p><strong>Zesp\u00f3\u0142 Szk\u00f3\u0142 Ekonomiczno-Hotelarskich im. Emilii Gierczak w Ko\u0142obrzegu<br \/>\n<a href=\"http:\/\/www.ekonom.kolobrzeg.pl\/index.php\">www.ekonom.kolobrzeg.pl<\/a><br \/>\n<\/strong><\/p>\n<p>Szko\u0142a nale\u017cy do \u015bcis\u0142ej czo\u0142\u00f3wki polskich szk\u00f3\u0142 ponadgimnazjalnych, zajmuj\u0105cych si\u0119 najwy\u017cszej jako\u015bci edukacj\u0105 zawodow\u0105 w obszarach: administracyjno-biurowym, turystyczno-gastronomicznym, elektryczno-elektronicznym. Zesp\u00f3\u0142 dzia\u0142a od ponad 45 lat, nieprzerwanie zajmuj\u0105c czo\u0142owe miejsca w rankingach krajowych (np. Og\u00f3lnopolski Ranking Szk\u00f3\u0142 Ponadgimnazjalnych \u2013 PERSPEKTYWY) i systematycznie poprawiaj\u0105c pozycje tak\u017ce w edukacyjnych inicjatywach szk\u00f3\u0142 z kraj\u00f3w Unii Europejskiej, nale\u017c\u0105cych do Europejskiego Zrzeszenia Szk\u00f3\u0142 Hotelarsko\u2013Gastronomiczno\u2013Turystycznych (AEHT) z siedzib\u0105 w Luksemburgu oraz zaprzyja\u017anionych szk\u00f3\u0142 zawodowych z Niemiec i Danii. Misj\u0105 Szko\u0142y jest kszta\u0142cenie nowoczesnych, rozumiej\u0105cych wsp\u00f3\u0142czesny \u015bwiat i swoj\u0105 rol\u0119 w \u015bwiecie odpowiedzialnych lider\u00f3w biznesu, informatyki, \u017cywienia i us\u0142ug gastronomicznych, hotelarstwa, turystyki, organizacji reklamy \u2013 przygotowanych zar\u00f3wno do tego, by przewodzi\u0107 innym, jak i do tego, by stale doskonali\u0107 i rozwija\u0107 w\u0142asne umiej\u0119tno\u015bci, wiedz\u0119 i talent w oparciu o nowoczesn\u0105 baz\u0119 i wysoko wykwalifikowan\u0105 kadr\u0119 pedagogiczn\u0105, wspieran\u0105 dzia\u0142aniami zatrudnionych w szkolne: doradcy metodycznego, doradcy zawodowego, psychologa i pedagoga.<\/p>\n<p>Zobacz prezentacj\u0119 ZESPO\u0141U SZK\u00d3L EKONOMICZNO-HOTELARSKICH w\u00a0 Ko\u0142obrzegu.<\/p>\n<div class='w3eden'><!-- WPDM Link Template: Default Template -->\n\n<div class=\"link-template-default card mb-2\">\n    <div class=\"card-body\">\n        <div class=\"media\">\n            <div class=\"mr-3 img-48\"><img decoding=\"async\" class=\"wpdm_icon\" alt=\"Ikonka\" src=\"https:\/\/zptlewiatan.pl\/wp-content\/plugins\/download-manager\/assets\/file-type-icons\/pdf.svg\" \/><\/div>\n            <div class=\"media-body\">\n                <h3 class=\"package-title\"><a href='https:\/\/zptlewiatan.pl\/?wpdmpro=prezentacja-zespolu-szkol-ekonomiczno-hotelarskich-w-kolobrzegu'>PREZENTACJA ZESPO\u0141U SZK\u00d3L EKONOMICZNO-HOTELARSKICH w  Ko\u0142obrzegu.<\/a><\/h3>\n                <div class=\"text-muted text-small\"><i class=\"fas fa-copy\"><\/i> 1 plik(i) <i class=\"fas fa-hdd ml-3\"><\/i> 3.39 MB<\/div>\n            <\/div>\n            <div class=\"ml-3\">\n                <a class='wpdm-download-link download-on-click btn btn-primary ' rel='nofollow' href='#' data-downloadurl=\"https:\/\/zptlewiatan.pl\/?wpdmpro=prezentacja-zespolu-szkol-ekonomiczno-hotelarskich-w-kolobrzegu&wpdmdl=451&refresh=6a0598ff049b91778751743\">Pobierz<\/a>\n            <\/div>\n        <\/div>\n    <\/div>\n<\/div>\n\n<\/div>\n<p>&nbsp;<\/p>\n<p><strong>Zesp\u00f3\u0142 Szk\u00f3\u0142 Ekonomicznych w Starogardzie Gda\u0144skim<\/strong><\/p>\n<p><span class=\"text_exposed_show\"><a href=\"https:\/\/l.facebook.com\/l.php?u=http%3A%2F%2Fwww.zse.com.pl%2F&amp;h=ATOHXYl_3NRGMJGkQaw79u3PctBZS7OJh5xD3WTn2uh8eubcYNtAlHakz2gHpiGll6LfeNH_Nm-mBVHc7qT3008kFO06A1CuHkMv5-obKY11ggziNmZgKErorU6FG4VDSZ1cdr8dxo985PWUBNs\" target=\"\" rel=\"nofollow\" data-lynx-mode=\"origin\">www.zse.com.pl<\/a><\/span><\/p>\n<p>Zesp\u00f3\u0142 jest szko\u0142\u0105 z d\u0142ugoletni\u0105 tradycj\u0105, wypracowanymi zasadami, jasno okre\u015blonym celem, wykwalifikowan\u0105 kadr\u0105 pedagogiczn\u0105. \u00a0Szko\u0142a prowadzi kszta\u0142cenie w nast\u0119puj\u0105cych kierunkach:<\/p>\n<p><span class=\"text_exposed_show\"> 1. Technik analityk<br \/>\n2. Technik ekonomista<br \/>\n3. Technik handlowiec<br \/>\n4. Technik informatyk<br \/>\n5. Technik logistyk<br \/>\n6. Technik organizacji reklamy<br \/>\n7. Technik spedytor<\/span><\/p>\n<div class='w3eden'><!-- WPDM Link Template: Default Template -->\n\n<div class=\"link-template-default card mb-2\">\n    <div class=\"card-body\">\n        <div class=\"media\">\n            <div class=\"mr-3 img-48\"><img decoding=\"async\" class=\"wpdm_icon\" alt=\"Ikonka\" src=\"https:\/\/zptlewiatan.pl\/wp-content\/plugins\/download-manager\/assets\/file-type-icons\/pdf.svg\" \/><\/div>\n            <div class=\"media-body\">\n                <h3 class=\"package-title\"><a href='https:\/\/zptlewiatan.pl\/?wpdmpro=zse-starogard-gdanski'>ZSE Starogard Gda\u0144ski<\/a><\/h3>\n                <div class=\"text-muted text-small\"><i class=\"fas fa-copy\"><\/i> 1 plik(i) <i class=\"fas fa-hdd ml-3\"><\/i> 5.26 MB<\/div>\n            <\/div>\n            <div class=\"ml-3\">\n                <a class='wpdm-download-link download-on-click btn btn-primary ' rel='nofollow' href='#' data-downloadurl=\"https:\/\/zptlewiatan.pl\/?wpdmpro=zse-starogard-gdanski&wpdmdl=521&refresh=6a0598ff05cbd1778751743\">Pobierz<\/a>\n            <\/div>\n        <\/div>\n    <\/div>\n<\/div>\n\n<\/div>\n<p>&nbsp;<\/p>\n<p><b>Centrum Kszta\u0142cenia Zawodowego i Ustawicznego Nowoczesnych Technologii Wojew\u00f3dztwa \u0141\u00f3dzkiego <\/b><b>w \u0141odzi<br \/>\n<\/b><a href=\"http:\/\/www.nowoczesnaszkola.edu.pl\"><b>www.nowoczesnaszkola.edu.pl<\/b><\/a><\/p>\n<p><strong>Centrum Kszta\u0142cenia Ustawicznego Nowoczesnych Technologii w \u0141odzi<\/strong> zosta\u0142o powo\u0142ane przez Samorz\u0105d Wojew\u00f3dztwa \u0141\u00f3dzkiego we wrze\u015bniu 2013 roku. W sk\u0142ad Centrum wesz\u0142a istniej\u0105ca od 2007 roku Publiczna Policealna Szko\u0142a Nowoczesnych Technologii dla Doros\u0142ych w \u0141odzi. Jeste\u015bmy jedn\u0105 z niewielu plac\u00f3wek specjalizuj\u0105cych si\u0119 w kszta\u0142ceniu zawodowym os\u00f3b doros\u0142ych z \u0141odzi i regionu. Nasz\u0105 pasj\u0105 jest kszta\u0142cenie w kwalifikacjach, na kt\u00f3re istnieje zapotrzebowanie na rynku pracy i przygotowywanie s\u0142uchaczy do wykonywania przysz\u0142ych zada\u0144 zawodowych.<\/p>\n<div class='w3eden'><!-- WPDM Link Template: Default Template -->\n\n<div class=\"link-template-default card mb-2\">\n    <div class=\"card-body\">\n        <div class=\"media\">\n            <div class=\"mr-3 img-48\"><img decoding=\"async\" class=\"wpdm_icon\" alt=\"Ikonka\" src=\"https:\/\/zptlewiatan.pl\/wp-content\/plugins\/download-manager\/assets\/file-type-icons\/pdf.svg\" \/><\/div>\n            <div class=\"media-body\">\n                <h3 class=\"package-title\"><a href='https:\/\/zptlewiatan.pl\/?wpdmpro=centrum-ksztalcenia-%e2%80%a8zawodowego-i-ustawicznego-nowoczesnych-technologii-wojewodztwa-lodzkiego-w-lodzi'>Centrum Kszta\u0142cenia \u2028Zawodowego i Ustawicznego  Nowoczesnych Technologii Wojew\u00f3dztwa \u0141\u00f3dzkiego w \u0141odzi<\/a><\/h3>\n                <div class=\"text-muted text-small\"><i class=\"fas fa-copy\"><\/i> 1 plik(i) <i class=\"fas fa-hdd ml-3\"><\/i> 15.28 MB<\/div>\n            <\/div>\n            <div class=\"ml-3\">\n                <a class='wpdm-download-link download-on-click btn btn-primary ' rel='nofollow' href='#' data-downloadurl=\"https:\/\/zptlewiatan.pl\/?wpdmpro=centrum-ksztalcenia-%E2%80%A8zawodowego-i-ustawicznego-nowoczesnych-technologii-wojewodztwa-lodzkiego-w-lodzi&wpdmdl=523&refresh=6a0598ff06c9c1778751743\">Pobierz<\/a>\n            <\/div>\n        <\/div>\n    <\/div>\n<\/div>\n\n<\/div>\n<p>&nbsp;<\/p>\n","protected":false},"excerpt":{"rendered":"<p>Jednym z cel\u00f3w Rady ds. Kompetencji Sektora Turystyki jest upowszechnianie dobrych praktyk w zakresie wsp\u00f3\u0142pracy \u015brodowisk biznesu i edukacji w celu podnoszenia jako\u015bci kszta\u0142cenia zawodowego. &hellip; <\/p>\n","protected":false},"author":2,"featured_media":0,"parent":13,"menu_order":0,"comment_status":"closed","ping_status":"closed","template":"","meta":{"jetpack_post_was_ever_published":false,"footnotes":""},"class_list":["post-447","page","type-page","status-publish","hentry"],"yoast_head":"<!-- This site is optimized with the Yoast SEO plugin v20.1 - https:\/\/yoast.com\/wordpress\/plugins\/seo\/ -->\n<title>Dobre praktyki w kszta\u0142ceniu zawodowym - Zwi\u0105zek Pracodawc\u00f3w Turystyki Lewiatan<\/title>\n<meta name=\"robots\" content=\"index, follow, max-snippet:-1, max-image-preview:large, max-video-preview:-1\" \/>\n<link rel=\"canonical\" href=\"http:\/\/zptlewiatan.pl\/?page_id=447\" \/>\n<meta property=\"og:locale\" content=\"pl_PL\" \/>\n<meta property=\"og:type\" content=\"article\" \/>\n<meta property=\"og:title\" content=\"Dobre praktyki w kszta\u0142ceniu zawodowym - Zwi\u0105zek Pracodawc\u00f3w Turystyki Lewiatan\" \/>\n<meta property=\"og:description\" content=\"Jednym z cel\u00f3w Rady ds. Kompetencji Sektora Turystyki jest upowszechnianie dobrych praktyk w zakresie wsp\u00f3\u0142pracy \u015brodowisk biznesu i edukacji w celu podnoszenia jako\u015bci kszta\u0142cenia zawodowego. &hellip;\" \/>\n<meta property=\"og:url\" content=\"http:\/\/zptlewiatan.pl\/?page_id=447\" \/>\n<meta property=\"og:site_name\" content=\"Zwi\u0105zek Pracodawc\u00f3w Turystyki Lewiatan\" \/>\n<meta property=\"article:modified_time\" content=\"2018-02-15T22:11:42+00:00\" \/>\n<meta name=\"twitter:card\" content=\"summary_large_image\" \/>\n<meta name=\"twitter:label1\" content=\"Szacowany czas czytania\" \/>\n\t<meta name=\"twitter:data1\" content=\"2 minuty\" \/>\n<script type=\"application\/ld+json\" class=\"yoast-schema-graph\">{\"@context\":\"https:\/\/schema.org\",\"@graph\":[{\"@type\":\"WebPage\",\"@id\":\"http:\/\/zptlewiatan.pl\/?page_id=447\",\"url\":\"http:\/\/zptlewiatan.pl\/?page_id=447\",\"name\":\"Dobre praktyki w kszta\u0142ceniu zawodowym - Zwi\u0105zek Pracodawc\u00f3w Turystyki Lewiatan\",\"isPartOf\":{\"@id\":\"https:\/\/zptlewiatan.pl\/#website\"},\"datePublished\":\"2017-12-11T22:52:00+00:00\",\"dateModified\":\"2018-02-15T22:11:42+00:00\",\"breadcrumb\":{\"@id\":\"http:\/\/zptlewiatan.pl\/?page_id=447#breadcrumb\"},\"inLanguage\":\"pl-PL\",\"potentialAction\":[{\"@type\":\"ReadAction\",\"target\":[\"http:\/\/zptlewiatan.pl\/?page_id=447\"]}]},{\"@type\":\"BreadcrumbList\",\"@id\":\"http:\/\/zptlewiatan.pl\/?page_id=447#breadcrumb\",\"itemListElement\":[{\"@type\":\"ListItem\",\"position\":1,\"name\":\"Strona g\u0142\u00f3wna\",\"item\":\"https:\/\/zptlewiatan.pl\/\"},{\"@type\":\"ListItem\",\"position\":2,\"name\":\"Rada ds. Kompetencji sektora turystyki\",\"item\":\"http:\/\/zptlewiatan.pl\/?page_id=13\"},{\"@type\":\"ListItem\",\"position\":3,\"name\":\"Dobre praktyki w kszta\u0142ceniu zawodowym\"}]},{\"@type\":\"WebSite\",\"@id\":\"https:\/\/zptlewiatan.pl\/#website\",\"url\":\"https:\/\/zptlewiatan.pl\/\",\"name\":\"Zwi\u0105zek Pracodawc\u00f3w Turystyki Lewiatan\",\"description\":\"\",\"publisher\":{\"@id\":\"https:\/\/zptlewiatan.pl\/#organization\"},\"potentialAction\":[{\"@type\":\"SearchAction\",\"target\":{\"@type\":\"EntryPoint\",\"urlTemplate\":\"https:\/\/zptlewiatan.pl\/?s={search_term_string}\"},\"query-input\":\"required name=search_term_string\"}],\"inLanguage\":\"pl-PL\"},{\"@type\":\"Organization\",\"@id\":\"https:\/\/zptlewiatan.pl\/#organization\",\"name\":\"Zwi\u0105zek Pracodawc\u00f3w Turystyki Lewiatan\",\"url\":\"https:\/\/zptlewiatan.pl\/\",\"logo\":{\"@type\":\"ImageObject\",\"inLanguage\":\"pl-PL\",\"@id\":\"https:\/\/zptlewiatan.pl\/#\/schema\/logo\/image\/\",\"url\":\"https:\/\/zptlewiatan.pl\/wp-content\/uploads\/2016\/12\/cropped-Lewiatan_turystyka-male-e1579985180872.jpg\",\"contentUrl\":\"https:\/\/zptlewiatan.pl\/wp-content\/uploads\/2016\/12\/cropped-Lewiatan_turystyka-male-e1579985180872.jpg\",\"width\":278,\"height\":90,\"caption\":\"Zwi\u0105zek Pracodawc\u00f3w Turystyki Lewiatan\"},\"image\":{\"@id\":\"https:\/\/zptlewiatan.pl\/#\/schema\/logo\/image\/\"}}]}<\/script>\n<!-- \/ Yoast SEO plugin. -->","yoast_head_json":{"title":"Dobre praktyki w kszta\u0142ceniu zawodowym - Zwi\u0105zek Pracodawc\u00f3w Turystyki Lewiatan","robots":{"index":"index","follow":"follow","max-snippet":"max-snippet:-1","max-image-preview":"max-image-preview:large","max-video-preview":"max-video-preview:-1"},"canonical":"http:\/\/zptlewiatan.pl\/?page_id=447","og_locale":"pl_PL","og_type":"article","og_title":"Dobre praktyki w kszta\u0142ceniu zawodowym - Zwi\u0105zek Pracodawc\u00f3w Turystyki Lewiatan","og_description":"Jednym z cel\u00f3w Rady ds. Kompetencji Sektora Turystyki jest upowszechnianie dobrych praktyk w zakresie wsp\u00f3\u0142pracy \u015brodowisk biznesu i edukacji w celu podnoszenia jako\u015bci kszta\u0142cenia zawodowego. &hellip;","og_url":"http:\/\/zptlewiatan.pl\/?page_id=447","og_site_name":"Zwi\u0105zek Pracodawc\u00f3w Turystyki Lewiatan","article_modified_time":"2018-02-15T22:11:42+00:00","twitter_card":"summary_large_image","twitter_misc":{"Szacowany czas czytania":"2 minuty"},"schema":{"@context":"https:\/\/schema.org","@graph":[{"@type":"WebPage","@id":"http:\/\/zptlewiatan.pl\/?page_id=447","url":"http:\/\/zptlewiatan.pl\/?page_id=447","name":"Dobre praktyki w kszta\u0142ceniu zawodowym - Zwi\u0105zek Pracodawc\u00f3w Turystyki Lewiatan","isPartOf":{"@id":"https:\/\/zptlewiatan.pl\/#website"},"datePublished":"2017-12-11T22:52:00+00:00","dateModified":"2018-02-15T22:11:42+00:00","breadcrumb":{"@id":"http:\/\/zptlewiatan.pl\/?page_id=447#breadcrumb"},"inLanguage":"pl-PL","potentialAction":[{"@type":"ReadAction","target":["http:\/\/zptlewiatan.pl\/?page_id=447"]}]},{"@type":"BreadcrumbList","@id":"http:\/\/zptlewiatan.pl\/?page_id=447#breadcrumb","itemListElement":[{"@type":"ListItem","position":1,"name":"Strona g\u0142\u00f3wna","item":"https:\/\/zptlewiatan.pl\/"},{"@type":"ListItem","position":2,"name":"Rada ds. Kompetencji sektora turystyki","item":"http:\/\/zptlewiatan.pl\/?page_id=13"},{"@type":"ListItem","position":3,"name":"Dobre praktyki w kszta\u0142ceniu zawodowym"}]},{"@type":"WebSite","@id":"https:\/\/zptlewiatan.pl\/#website","url":"https:\/\/zptlewiatan.pl\/","name":"Zwi\u0105zek Pracodawc\u00f3w Turystyki Lewiatan","description":"","publisher":{"@id":"https:\/\/zptlewiatan.pl\/#organization"},"potentialAction":[{"@type":"SearchAction","target":{"@type":"EntryPoint","urlTemplate":"https:\/\/zptlewiatan.pl\/?s={search_term_string}"},"query-input":"required name=search_term_string"}],"inLanguage":"pl-PL"},{"@type":"Organization","@id":"https:\/\/zptlewiatan.pl\/#organization","name":"Zwi\u0105zek Pracodawc\u00f3w Turystyki Lewiatan","url":"https:\/\/zptlewiatan.pl\/","logo":{"@type":"ImageObject","inLanguage":"pl-PL","@id":"https:\/\/zptlewiatan.pl\/#\/schema\/logo\/image\/","url":"https:\/\/zptlewiatan.pl\/wp-content\/uploads\/2016\/12\/cropped-Lewiatan_turystyka-male-e1579985180872.jpg","contentUrl":"https:\/\/zptlewiatan.pl\/wp-content\/uploads\/2016\/12\/cropped-Lewiatan_turystyka-male-e1579985180872.jpg","width":278,"height":90,"caption":"Zwi\u0105zek Pracodawc\u00f3w Turystyki Lewiatan"},"image":{"@id":"https:\/\/zptlewiatan.pl\/#\/schema\/logo\/image\/"}}]}},"jetpack_sharing_enabled":true,"jetpack_shortlink":"https:\/\/wp.me\/PaFHNI-7d","_links":{"self":[{"href":"https:\/\/zptlewiatan.pl\/index.php?rest_route=\/wp\/v2\/pages\/447","targetHints":{"allow":["GET"]}}],"collection":[{"href":"https:\/\/zptlewiatan.pl\/index.php?rest_route=\/wp\/v2\/pages"}],"about":[{"href":"https:\/\/zptlewiatan.pl\/index.php?rest_route=\/wp\/v2\/types\/page"}],"author":[{"embeddable":true,"href":"https:\/\/zptlewiatan.pl\/index.php?rest_route=\/wp\/v2\/users\/2"}],"replies":[{"embeddable":true,"href":"https:\/\/zptlewiatan.pl\/index.php?rest_route=%2Fwp%2Fv2%2Fcomments&post=447"}],"version-history":[{"count":0,"href":"https:\/\/zptlewiatan.pl\/index.php?rest_route=\/wp\/v2\/pages\/447\/revisions"}],"up":[{"embeddable":true,"href":"https:\/\/zptlewiatan.pl\/index.php?rest_route=\/wp\/v2\/pages\/13"}],"wp:attachment":[{"href":"https:\/\/zptlewiatan.pl\/index.php?rest_route=%2Fwp%2Fv2%2Fmedia&parent=447"}],"curies":[{"name":"wp","href":"https:\/\/api.w.org\/{rel}","templated":true}]}}