{"id":17,"date":"2016-12-11T16:09:27","date_gmt":"2016-12-11T15:09:27","guid":{"rendered":"http:\/\/serwer-ekredytobiorca.home.pl\/wp-temp\/?page_id=17"},"modified":"2025-03-25T16:45:20","modified_gmt":"2025-03-25T15:45:20","slug":"czlonkowie-zwiazku","status":"publish","type":"page","link":"https:\/\/zptlewiatan.pl\/?page_id=17","title":{"rendered":"Cz\u0142onkowie zwi\u0105zku"},"content":{"rendered":"<!-- VideographyWP Plugin Message: Automatic video embedding prevented by plugin options. -->\n\n<p>AKADEMIA S\u0141O\u0143CA &#8211; POZNA\u0143<\/p>\n\n\n\n<p>BIURO PODR\u00d3\u017bY PAULINA \u2013 BIA\u0141A PODLASKA<\/p>\n\n\n\n<p>BIURO TURYSTYKI BIAL-TUR &#8211; BIA\u0141YSTOK<\/p>\n\n\n\n<p>CARGO TRAVEL &#8211; CZ\u0118STOCHOWA<\/p>\n\n\n\n<p>DWOREK NAD \u0141\u0104KAMI &#8211; KIERMUSY<\/p>\n\n\n\n<p>DWOREK WAPIONKA \u2013 G\u00d3RZNO<\/p>\n\n\n\n<p>FUNDACJA WIEDZA-UMIEJETNOSC ROZWOJ W GORLICACH &#8211; GORLICE&nbsp;<\/p>\n\n\n\n<p>GLOBAL CONGRESS &#8211; WARSZAWA<\/p>\n\n\n\n<p>GLOBINFOSEC \u2013 WO\u0141OMIN<\/p>\n\n\n\n<p>HOTEL DROHICKI k\/DROHICZYNA<\/p>\n\n\n\n<p>HOTEL WARSZAWA &#8211; AUGUST\u00d3W<\/p>\n\n\n\n<p>IMPERATOR \u2013 GLIWICE&nbsp;<\/p>\n\n\n\n<p>IZBA GOSPODARCZA HOTELARSTWA POLSKIEGO<\/p>\n\n\n\n<p>IZBA TURYSTYKIRZECZYPOSPOLITEJ POLSKIEJ<\/p>\n\n\n\n<p>JAROS\u0141AW \u0141OJEK PROMETEUSZ<\/p>\n\n\n\n<p>JOD\u0141OWY DW\u00d3R W HUCIE SZKLANEJ<\/p>\n\n\n\n<p>MERIGO &#8211; KRAK\u00d3W<\/p>\n\n\n\n<p>MIODOWA  KLINIKA w KKMIENNEJ k\/ Krynicy -Zdroju<\/p>\n\n\n\n<p>OG\u00d3LNOPOLSKA SP\u00d3\u0141DZIELNIA TURYSTYCZNA GROMADA \u2013 WARSZAWA<\/p>\n\n\n\n<p>O\u015aRODEK TURYSTYCZNY KUKLE &#8211; KUKLE<\/p>\n\n\n\n<p>POLSKA GRUPA HOTELOWA&nbsp; &nbsp; &nbsp; &nbsp; &nbsp; &nbsp; &nbsp; &nbsp; &nbsp; &nbsp; &nbsp;<\/p>\n\n\n\n<p>POLSKIE HOTELE NIEZALE\u017bNE<\/p>\n\n\n\n<p>POLSKIE STOWARZYSZENIE FLISAK\u00d3W PIENI\u0143SKICH NA RZECE DUNAJEC<\/p>\n\n\n\n<p>PPHU ALLTEX &#8211; PIOTRK\u00d3W TRYBUNALSKI<\/p>\n\n\n\n<p>STOWARZYSZENIE CENTRUM SZKOLENIA BARMAN\u00d3W<\/p>\n\n\n\n<p>GRUPA TRIP &#8211; ZAKOPANE<\/p>\n\n\n\n<p>WARSZAWSKA IZBA TURYSTYKI<\/p>\n\n\n\n<p>WY\u017bSZA SZKO\u0141A GOSPODARKI W BYDGOSZCZY<\/p>\n\n\n\n<p>ZACHODNIOPOMORSKA AGENCJA ROZWOJU TURYSTYKI<\/p>\n","protected":false},"excerpt":{"rendered":"<p>AKADEMIA S\u0141O\u0143CA &#8211; POZNA\u0143 BIURO PODR\u00d3\u017bY PAULINA \u2013 BIA\u0141A PODLASKA BIURO TURYSTYKI BIAL-TUR &#8211; BIA\u0141YSTOK CARGO TRAVEL &#8211; CZ\u0118STOCHOWA DWOREK NAD \u0141\u0104KAMI &#8211; KIERMUSY DWOREK &hellip; <\/p>\n","protected":false},"author":2,"featured_media":0,"parent":0,"menu_order":0,"comment_status":"closed","ping_status":"closed","template":"","meta":{"jetpack_post_was_ever_published":false,"footnotes":""},"class_list":["post-17","page","type-page","status-publish","hentry"],"yoast_head":"<!-- This site is optimized with the Yoast SEO plugin v20.1 - https:\/\/yoast.com\/wordpress\/plugins\/seo\/ -->\n<title>Cz\u0142onkowie zwi\u0105zku - Zwi\u0105zek Pracodawc\u00f3w Turystyki Lewiatan<\/title>\n<meta name=\"robots\" content=\"index, follow, max-snippet:-1, max-image-preview:large, max-video-preview:-1\" \/>\n<link rel=\"canonical\" href=\"http:\/\/zptlewiatan.pl\/?page_id=17\" \/>\n<meta property=\"og:locale\" content=\"pl_PL\" \/>\n<meta property=\"og:type\" content=\"article\" \/>\n<meta property=\"og:title\" content=\"Cz\u0142onkowie zwi\u0105zku - Zwi\u0105zek Pracodawc\u00f3w Turystyki Lewiatan\" \/>\n<meta property=\"og:description\" content=\"AKADEMIA S\u0141O\u0143CA &#8211; POZNA\u0143 BIURO PODR\u00d3\u017bY PAULINA \u2013 BIA\u0141A PODLASKA BIURO TURYSTYKI BIAL-TUR &#8211; BIA\u0141YSTOK CARGO TRAVEL &#8211; CZ\u0118STOCHOWA DWOREK NAD \u0141\u0104KAMI &#8211; KIERMUSY DWOREK &hellip;\" \/>\n<meta property=\"og:url\" content=\"http:\/\/zptlewiatan.pl\/?page_id=17\" \/>\n<meta property=\"og:site_name\" content=\"Zwi\u0105zek Pracodawc\u00f3w Turystyki Lewiatan\" \/>\n<meta property=\"article:modified_time\" content=\"2025-03-25T15:45:20+00:00\" \/>\n<meta name=\"twitter:card\" content=\"summary_large_image\" \/>\n<meta name=\"twitter:label1\" content=\"Szacowany czas czytania\" \/>\n\t<meta name=\"twitter:data1\" content=\"1 minuta\" \/>\n<script type=\"application\/ld+json\" class=\"yoast-schema-graph\">{\"@context\":\"https:\/\/schema.org\",\"@graph\":[{\"@type\":\"WebPage\",\"@id\":\"http:\/\/zptlewiatan.pl\/?page_id=17\",\"url\":\"http:\/\/zptlewiatan.pl\/?page_id=17\",\"name\":\"Cz\u0142onkowie zwi\u0105zku - Zwi\u0105zek Pracodawc\u00f3w Turystyki Lewiatan\",\"isPartOf\":{\"@id\":\"https:\/\/zptlewiatan.pl\/#website\"},\"datePublished\":\"2016-12-11T15:09:27+00:00\",\"dateModified\":\"2025-03-25T15:45:20+00:00\",\"breadcrumb\":{\"@id\":\"http:\/\/zptlewiatan.pl\/?page_id=17#breadcrumb\"},\"inLanguage\":\"pl-PL\",\"potentialAction\":[{\"@type\":\"ReadAction\",\"target\":[\"http:\/\/zptlewiatan.pl\/?page_id=17\"]}]},{\"@type\":\"BreadcrumbList\",\"@id\":\"http:\/\/zptlewiatan.pl\/?page_id=17#breadcrumb\",\"itemListElement\":[{\"@type\":\"ListItem\",\"position\":1,\"name\":\"Strona g\u0142\u00f3wna\",\"item\":\"https:\/\/zptlewiatan.pl\/\"},{\"@type\":\"ListItem\",\"position\":2,\"name\":\"Cz\u0142onkowie zwi\u0105zku\"}]},{\"@type\":\"WebSite\",\"@id\":\"https:\/\/zptlewiatan.pl\/#website\",\"url\":\"https:\/\/zptlewiatan.pl\/\",\"name\":\"Zwi\u0105zek Pracodawc\u00f3w Turystyki Lewiatan\",\"description\":\"\",\"publisher\":{\"@id\":\"https:\/\/zptlewiatan.pl\/#organization\"},\"potentialAction\":[{\"@type\":\"SearchAction\",\"target\":{\"@type\":\"EntryPoint\",\"urlTemplate\":\"https:\/\/zptlewiatan.pl\/?s={search_term_string}\"},\"query-input\":\"required name=search_term_string\"}],\"inLanguage\":\"pl-PL\"},{\"@type\":\"Organization\",\"@id\":\"https:\/\/zptlewiatan.pl\/#organization\",\"name\":\"Zwi\u0105zek Pracodawc\u00f3w Turystyki Lewiatan\",\"url\":\"https:\/\/zptlewiatan.pl\/\",\"logo\":{\"@type\":\"ImageObject\",\"inLanguage\":\"pl-PL\",\"@id\":\"https:\/\/zptlewiatan.pl\/#\/schema\/logo\/image\/\",\"url\":\"https:\/\/zptlewiatan.pl\/wp-content\/uploads\/2016\/12\/cropped-Lewiatan_turystyka-male-e1579985180872.jpg\",\"contentUrl\":\"https:\/\/zptlewiatan.pl\/wp-content\/uploads\/2016\/12\/cropped-Lewiatan_turystyka-male-e1579985180872.jpg\",\"width\":278,\"height\":90,\"caption\":\"Zwi\u0105zek Pracodawc\u00f3w Turystyki Lewiatan\"},\"image\":{\"@id\":\"https:\/\/zptlewiatan.pl\/#\/schema\/logo\/image\/\"}}]}<\/script>\n<!-- \/ Yoast SEO plugin. -->","yoast_head_json":{"title":"Cz\u0142onkowie zwi\u0105zku - Zwi\u0105zek Pracodawc\u00f3w Turystyki Lewiatan","robots":{"index":"index","follow":"follow","max-snippet":"max-snippet:-1","max-image-preview":"max-image-preview:large","max-video-preview":"max-video-preview:-1"},"canonical":"http:\/\/zptlewiatan.pl\/?page_id=17","og_locale":"pl_PL","og_type":"article","og_title":"Cz\u0142onkowie zwi\u0105zku - Zwi\u0105zek Pracodawc\u00f3w Turystyki Lewiatan","og_description":"AKADEMIA S\u0141O\u0143CA &#8211; POZNA\u0143 BIURO PODR\u00d3\u017bY PAULINA \u2013 BIA\u0141A PODLASKA BIURO TURYSTYKI BIAL-TUR &#8211; BIA\u0141YSTOK CARGO TRAVEL &#8211; CZ\u0118STOCHOWA DWOREK NAD \u0141\u0104KAMI &#8211; KIERMUSY DWOREK &hellip;","og_url":"http:\/\/zptlewiatan.pl\/?page_id=17","og_site_name":"Zwi\u0105zek Pracodawc\u00f3w Turystyki Lewiatan","article_modified_time":"2025-03-25T15:45:20+00:00","twitter_card":"summary_large_image","twitter_misc":{"Szacowany czas czytania":"1 minuta"},"schema":{"@context":"https:\/\/schema.org","@graph":[{"@type":"WebPage","@id":"http:\/\/zptlewiatan.pl\/?page_id=17","url":"http:\/\/zptlewiatan.pl\/?page_id=17","name":"Cz\u0142onkowie zwi\u0105zku - Zwi\u0105zek Pracodawc\u00f3w Turystyki Lewiatan","isPartOf":{"@id":"https:\/\/zptlewiatan.pl\/#website"},"datePublished":"2016-12-11T15:09:27+00:00","dateModified":"2025-03-25T15:45:20+00:00","breadcrumb":{"@id":"http:\/\/zptlewiatan.pl\/?page_id=17#breadcrumb"},"inLanguage":"pl-PL","potentialAction":[{"@type":"ReadAction","target":["http:\/\/zptlewiatan.pl\/?page_id=17"]}]},{"@type":"BreadcrumbList","@id":"http:\/\/zptlewiatan.pl\/?page_id=17#breadcrumb","itemListElement":[{"@type":"ListItem","position":1,"name":"Strona g\u0142\u00f3wna","item":"https:\/\/zptlewiatan.pl\/"},{"@type":"ListItem","position":2,"name":"Cz\u0142onkowie zwi\u0105zku"}]},{"@type":"WebSite","@id":"https:\/\/zptlewiatan.pl\/#website","url":"https:\/\/zptlewiatan.pl\/","name":"Zwi\u0105zek Pracodawc\u00f3w Turystyki Lewiatan","description":"","publisher":{"@id":"https:\/\/zptlewiatan.pl\/#organization"},"potentialAction":[{"@type":"SearchAction","target":{"@type":"EntryPoint","urlTemplate":"https:\/\/zptlewiatan.pl\/?s={search_term_string}"},"query-input":"required name=search_term_string"}],"inLanguage":"pl-PL"},{"@type":"Organization","@id":"https:\/\/zptlewiatan.pl\/#organization","name":"Zwi\u0105zek Pracodawc\u00f3w Turystyki Lewiatan","url":"https:\/\/zptlewiatan.pl\/","logo":{"@type":"ImageObject","inLanguage":"pl-PL","@id":"https:\/\/zptlewiatan.pl\/#\/schema\/logo\/image\/","url":"https:\/\/zptlewiatan.pl\/wp-content\/uploads\/2016\/12\/cropped-Lewiatan_turystyka-male-e1579985180872.jpg","contentUrl":"https:\/\/zptlewiatan.pl\/wp-content\/uploads\/2016\/12\/cropped-Lewiatan_turystyka-male-e1579985180872.jpg","width":278,"height":90,"caption":"Zwi\u0105zek Pracodawc\u00f3w Turystyki Lewiatan"},"image":{"@id":"https:\/\/zptlewiatan.pl\/#\/schema\/logo\/image\/"}}]}},"jetpack_sharing_enabled":true,"jetpack_shortlink":"https:\/\/wp.me\/PaFHNI-h","_links":{"self":[{"href":"https:\/\/zptlewiatan.pl\/index.php?rest_route=\/wp\/v2\/pages\/17","targetHints":{"allow":["GET"]}}],"collection":[{"href":"https:\/\/zptlewiatan.pl\/index.php?rest_route=\/wp\/v2\/pages"}],"about":[{"href":"https:\/\/zptlewiatan.pl\/index.php?rest_route=\/wp\/v2\/types\/page"}],"author":[{"embeddable":true,"href":"https:\/\/zptlewiatan.pl\/index.php?rest_route=\/wp\/v2\/users\/2"}],"replies":[{"embeddable":true,"href":"https:\/\/zptlewiatan.pl\/index.php?rest_route=%2Fwp%2Fv2%2Fcomments&post=17"}],"version-history":[{"count":5,"href":"https:\/\/zptlewiatan.pl\/index.php?rest_route=\/wp\/v2\/pages\/17\/revisions"}],"predecessor-version":[{"id":1838,"href":"https:\/\/zptlewiatan.pl\/index.php?rest_route=\/wp\/v2\/pages\/17\/revisions\/1838"}],"wp:attachment":[{"href":"https:\/\/zptlewiatan.pl\/index.php?rest_route=%2Fwp%2Fv2%2Fmedia&parent=17"}],"curies":[{"name":"wp","href":"https:\/\/api.w.org\/{rel}","templated":true}]}}