{"id":15,"date":"2016-12-11T15:58:52","date_gmt":"2016-12-11T14:58:52","guid":{"rendered":"http:\/\/serwer-ekredytobiorca.home.pl\/wp-temp\/?page_id=15"},"modified":"2024-01-15T18:01:39","modified_gmt":"2024-01-15T17:01:39","slug":"wladze-zwiazku","status":"publish","type":"page","link":"https:\/\/zptlewiatan.pl\/?page_id=15","title":{"rendered":"W\u0142adze zwi\u0105zku"},"content":{"rendered":"<p><!-- VideographyWP Plugin Message: Automatic video embedding prevented by plugin options. --><br \/>\n<img loading=\"lazy\" decoding=\"async\" class=\"alignnone size-full wp-image-1241\" src=\"http:\/\/serwer1974575.home.pl\/autoinstalator\/wordpress6\/wp-content\/uploads\/2020\/02\/IMG_6244.jpg\" alt=\"\" width=\"4032\" height=\"3024\" srcset=\"https:\/\/zptlewiatan.pl\/wp-content\/uploads\/2020\/02\/IMG_6244.jpg 4032w, https:\/\/zptlewiatan.pl\/wp-content\/uploads\/2020\/02\/IMG_6244-300x225.jpg 300w, https:\/\/zptlewiatan.pl\/wp-content\/uploads\/2020\/02\/IMG_6244-768x576.jpg 768w, https:\/\/zptlewiatan.pl\/wp-content\/uploads\/2020\/02\/IMG_6244-1024x768.jpg 1024w\" sizes=\"auto, (max-width: 4032px) 100vw, 4032px\" \/><\/p>\n<div>W zwi\u0105zku\u00a0z \u015bmierci\u0105\u00a0cz\u0142onka\u00a0Rady Nadzorczej\u00a0 W\u0142odimierza Kolata\u00a0nowym cz\u0142onkiem\u00a0Rady\u00a0 z dniem 30.01 2021 zosta\u0142 Zygmunt Modzelewski.<\/div>\n<div>W zwi\u0105zku\u00a0z \u015bmierci\u0105\u00a0cz\u0142onka\u00a0Rady Nadzorczej Mieczys\u0142awa Zukowskiego z dniem 16.04 nowym cz\u0142onkiem rady\u00a0zosta\u0142\u00a0 kol Marcin \u017bukowski<\/div>\n<p><strong>Rada Nadzorcza:<\/strong><\/p>\n<p>Ma\u0142gorzata Chechli\u0144ska Przewodnicz\u0105ca<br \/>\nJan Korsak<br \/>\nRoman Mandyna<br \/>\nAnna Klimczak<br \/>\nEwa Kowalska Kaczor<\/p>\n<p><strong>Zarz\u0105d:<\/strong><\/p>\n<p>J\u00f3zef Ratajski &#8211; Prezes<br \/>\nAndrzej Szyma\u0144ski<br \/>\nMarek Migdal<\/p>\n","protected":false},"excerpt":{"rendered":"<p>W zwi\u0105zku\u00a0z \u015bmierci\u0105\u00a0cz\u0142onka\u00a0Rady Nadzorczej\u00a0 W\u0142odimierza Kolata\u00a0nowym cz\u0142onkiem\u00a0Rady\u00a0 z dniem 30.01 2021 zosta\u0142 Zygmunt Modzelewski. W zwi\u0105zku\u00a0z \u015bmierci\u0105\u00a0cz\u0142onka\u00a0Rady Nadzorczej Mieczys\u0142awa Zukowskiego z dniem 16.04 nowym cz\u0142onkiem &hellip; <\/p>\n","protected":false},"author":2,"featured_media":0,"parent":11,"menu_order":0,"comment_status":"closed","ping_status":"closed","template":"","meta":{"jetpack_post_was_ever_published":false,"footnotes":""},"class_list":["post-15","page","type-page","status-publish","hentry"],"yoast_head":"<!-- This site is optimized with the Yoast SEO plugin v20.1 - https:\/\/yoast.com\/wordpress\/plugins\/seo\/ -->\n<title>W\u0142adze zwi\u0105zku - Zwi\u0105zek Pracodawc\u00f3w Turystyki Lewiatan<\/title>\n<meta name=\"robots\" content=\"index, follow, max-snippet:-1, max-image-preview:large, max-video-preview:-1\" \/>\n<link rel=\"canonical\" href=\"http:\/\/zptlewiatan.pl\/?page_id=15\" \/>\n<meta property=\"og:locale\" content=\"pl_PL\" \/>\n<meta property=\"og:type\" content=\"article\" \/>\n<meta property=\"og:title\" content=\"W\u0142adze zwi\u0105zku - Zwi\u0105zek Pracodawc\u00f3w Turystyki Lewiatan\" \/>\n<meta property=\"og:description\" content=\"W zwi\u0105zku\u00a0z \u015bmierci\u0105\u00a0cz\u0142onka\u00a0Rady Nadzorczej\u00a0 W\u0142odimierza Kolata\u00a0nowym cz\u0142onkiem\u00a0Rady\u00a0 z dniem 30.01 2021 zosta\u0142 Zygmunt Modzelewski. W zwi\u0105zku\u00a0z \u015bmierci\u0105\u00a0cz\u0142onka\u00a0Rady Nadzorczej Mieczys\u0142awa Zukowskiego z dniem 16.04 nowym cz\u0142onkiem &hellip;\" \/>\n<meta property=\"og:url\" content=\"http:\/\/zptlewiatan.pl\/?page_id=15\" \/>\n<meta property=\"og:site_name\" content=\"Zwi\u0105zek Pracodawc\u00f3w Turystyki Lewiatan\" \/>\n<meta property=\"article:modified_time\" content=\"2024-01-15T17:01:39+00:00\" \/>\n<meta property=\"og:image\" content=\"http:\/\/serwer1974575.home.pl\/autoinstalator\/wordpress6\/wp-content\/uploads\/2020\/02\/IMG_6244.jpg\" \/>\n<meta name=\"twitter:card\" content=\"summary_large_image\" \/>\n<meta name=\"twitter:label1\" content=\"Szacowany czas czytania\" \/>\n\t<meta name=\"twitter:data1\" content=\"1 minuta\" \/>\n<script type=\"application\/ld+json\" class=\"yoast-schema-graph\">{\"@context\":\"https:\/\/schema.org\",\"@graph\":[{\"@type\":\"WebPage\",\"@id\":\"http:\/\/zptlewiatan.pl\/?page_id=15\",\"url\":\"http:\/\/zptlewiatan.pl\/?page_id=15\",\"name\":\"W\u0142adze zwi\u0105zku - Zwi\u0105zek Pracodawc\u00f3w Turystyki Lewiatan\",\"isPartOf\":{\"@id\":\"https:\/\/zptlewiatan.pl\/#website\"},\"datePublished\":\"2016-12-11T14:58:52+00:00\",\"dateModified\":\"2024-01-15T17:01:39+00:00\",\"breadcrumb\":{\"@id\":\"http:\/\/zptlewiatan.pl\/?page_id=15#breadcrumb\"},\"inLanguage\":\"pl-PL\",\"potentialAction\":[{\"@type\":\"ReadAction\",\"target\":[\"http:\/\/zptlewiatan.pl\/?page_id=15\"]}]},{\"@type\":\"BreadcrumbList\",\"@id\":\"http:\/\/zptlewiatan.pl\/?page_id=15#breadcrumb\",\"itemListElement\":[{\"@type\":\"ListItem\",\"position\":1,\"name\":\"Strona g\u0142\u00f3wna\",\"item\":\"https:\/\/zptlewiatan.pl\/\"},{\"@type\":\"ListItem\",\"position\":2,\"name\":\"O zwi\u0105zku\",\"item\":\"https:\/\/zptlewiatan.pl\/?page_id=11\"},{\"@type\":\"ListItem\",\"position\":3,\"name\":\"W\u0142adze zwi\u0105zku\"}]},{\"@type\":\"WebSite\",\"@id\":\"https:\/\/zptlewiatan.pl\/#website\",\"url\":\"https:\/\/zptlewiatan.pl\/\",\"name\":\"Zwi\u0105zek Pracodawc\u00f3w Turystyki Lewiatan\",\"description\":\"\",\"publisher\":{\"@id\":\"https:\/\/zptlewiatan.pl\/#organization\"},\"potentialAction\":[{\"@type\":\"SearchAction\",\"target\":{\"@type\":\"EntryPoint\",\"urlTemplate\":\"https:\/\/zptlewiatan.pl\/?s={search_term_string}\"},\"query-input\":\"required name=search_term_string\"}],\"inLanguage\":\"pl-PL\"},{\"@type\":\"Organization\",\"@id\":\"https:\/\/zptlewiatan.pl\/#organization\",\"name\":\"Zwi\u0105zek Pracodawc\u00f3w Turystyki Lewiatan\",\"url\":\"https:\/\/zptlewiatan.pl\/\",\"logo\":{\"@type\":\"ImageObject\",\"inLanguage\":\"pl-PL\",\"@id\":\"https:\/\/zptlewiatan.pl\/#\/schema\/logo\/image\/\",\"url\":\"https:\/\/zptlewiatan.pl\/wp-content\/uploads\/2016\/12\/cropped-Lewiatan_turystyka-male-e1579985180872.jpg\",\"contentUrl\":\"https:\/\/zptlewiatan.pl\/wp-content\/uploads\/2016\/12\/cropped-Lewiatan_turystyka-male-e1579985180872.jpg\",\"width\":278,\"height\":90,\"caption\":\"Zwi\u0105zek Pracodawc\u00f3w Turystyki Lewiatan\"},\"image\":{\"@id\":\"https:\/\/zptlewiatan.pl\/#\/schema\/logo\/image\/\"}}]}<\/script>\n<!-- \/ Yoast SEO plugin. -->","yoast_head_json":{"title":"W\u0142adze zwi\u0105zku - Zwi\u0105zek Pracodawc\u00f3w Turystyki Lewiatan","robots":{"index":"index","follow":"follow","max-snippet":"max-snippet:-1","max-image-preview":"max-image-preview:large","max-video-preview":"max-video-preview:-1"},"canonical":"http:\/\/zptlewiatan.pl\/?page_id=15","og_locale":"pl_PL","og_type":"article","og_title":"W\u0142adze zwi\u0105zku - Zwi\u0105zek Pracodawc\u00f3w Turystyki Lewiatan","og_description":"W zwi\u0105zku\u00a0z \u015bmierci\u0105\u00a0cz\u0142onka\u00a0Rady Nadzorczej\u00a0 W\u0142odimierza Kolata\u00a0nowym cz\u0142onkiem\u00a0Rady\u00a0 z dniem 30.01 2021 zosta\u0142 Zygmunt Modzelewski. W zwi\u0105zku\u00a0z \u015bmierci\u0105\u00a0cz\u0142onka\u00a0Rady Nadzorczej Mieczys\u0142awa Zukowskiego z dniem 16.04 nowym cz\u0142onkiem &hellip;","og_url":"http:\/\/zptlewiatan.pl\/?page_id=15","og_site_name":"Zwi\u0105zek Pracodawc\u00f3w Turystyki Lewiatan","article_modified_time":"2024-01-15T17:01:39+00:00","og_image":[{"url":"http:\/\/serwer1974575.home.pl\/autoinstalator\/wordpress6\/wp-content\/uploads\/2020\/02\/IMG_6244.jpg"}],"twitter_card":"summary_large_image","twitter_misc":{"Szacowany czas czytania":"1 minuta"},"schema":{"@context":"https:\/\/schema.org","@graph":[{"@type":"WebPage","@id":"http:\/\/zptlewiatan.pl\/?page_id=15","url":"http:\/\/zptlewiatan.pl\/?page_id=15","name":"W\u0142adze zwi\u0105zku - Zwi\u0105zek Pracodawc\u00f3w Turystyki Lewiatan","isPartOf":{"@id":"https:\/\/zptlewiatan.pl\/#website"},"datePublished":"2016-12-11T14:58:52+00:00","dateModified":"2024-01-15T17:01:39+00:00","breadcrumb":{"@id":"http:\/\/zptlewiatan.pl\/?page_id=15#breadcrumb"},"inLanguage":"pl-PL","potentialAction":[{"@type":"ReadAction","target":["http:\/\/zptlewiatan.pl\/?page_id=15"]}]},{"@type":"BreadcrumbList","@id":"http:\/\/zptlewiatan.pl\/?page_id=15#breadcrumb","itemListElement":[{"@type":"ListItem","position":1,"name":"Strona g\u0142\u00f3wna","item":"https:\/\/zptlewiatan.pl\/"},{"@type":"ListItem","position":2,"name":"O zwi\u0105zku","item":"https:\/\/zptlewiatan.pl\/?page_id=11"},{"@type":"ListItem","position":3,"name":"W\u0142adze zwi\u0105zku"}]},{"@type":"WebSite","@id":"https:\/\/zptlewiatan.pl\/#website","url":"https:\/\/zptlewiatan.pl\/","name":"Zwi\u0105zek Pracodawc\u00f3w Turystyki Lewiatan","description":"","publisher":{"@id":"https:\/\/zptlewiatan.pl\/#organization"},"potentialAction":[{"@type":"SearchAction","target":{"@type":"EntryPoint","urlTemplate":"https:\/\/zptlewiatan.pl\/?s={search_term_string}"},"query-input":"required name=search_term_string"}],"inLanguage":"pl-PL"},{"@type":"Organization","@id":"https:\/\/zptlewiatan.pl\/#organization","name":"Zwi\u0105zek Pracodawc\u00f3w Turystyki Lewiatan","url":"https:\/\/zptlewiatan.pl\/","logo":{"@type":"ImageObject","inLanguage":"pl-PL","@id":"https:\/\/zptlewiatan.pl\/#\/schema\/logo\/image\/","url":"https:\/\/zptlewiatan.pl\/wp-content\/uploads\/2016\/12\/cropped-Lewiatan_turystyka-male-e1579985180872.jpg","contentUrl":"https:\/\/zptlewiatan.pl\/wp-content\/uploads\/2016\/12\/cropped-Lewiatan_turystyka-male-e1579985180872.jpg","width":278,"height":90,"caption":"Zwi\u0105zek Pracodawc\u00f3w Turystyki Lewiatan"},"image":{"@id":"https:\/\/zptlewiatan.pl\/#\/schema\/logo\/image\/"}}]}},"jetpack_sharing_enabled":true,"jetpack_shortlink":"https:\/\/wp.me\/PaFHNI-f","_links":{"self":[{"href":"https:\/\/zptlewiatan.pl\/index.php?rest_route=\/wp\/v2\/pages\/15","targetHints":{"allow":["GET"]}}],"collection":[{"href":"https:\/\/zptlewiatan.pl\/index.php?rest_route=\/wp\/v2\/pages"}],"about":[{"href":"https:\/\/zptlewiatan.pl\/index.php?rest_route=\/wp\/v2\/types\/page"}],"author":[{"embeddable":true,"href":"https:\/\/zptlewiatan.pl\/index.php?rest_route=\/wp\/v2\/users\/2"}],"replies":[{"embeddable":true,"href":"https:\/\/zptlewiatan.pl\/index.php?rest_route=%2Fwp%2Fv2%2Fcomments&post=15"}],"version-history":[{"count":1,"href":"https:\/\/zptlewiatan.pl\/index.php?rest_route=\/wp\/v2\/pages\/15\/revisions"}],"predecessor-version":[{"id":1795,"href":"https:\/\/zptlewiatan.pl\/index.php?rest_route=\/wp\/v2\/pages\/15\/revisions\/1795"}],"up":[{"embeddable":true,"href":"https:\/\/zptlewiatan.pl\/index.php?rest_route=\/wp\/v2\/pages\/11"}],"wp:attachment":[{"href":"https:\/\/zptlewiatan.pl\/index.php?rest_route=%2Fwp%2Fv2%2Fmedia&parent=15"}],"curies":[{"name":"wp","href":"https:\/\/api.w.org\/{rel}","templated":true}]}}