{"id":1332,"date":"2021-04-19T23:31:02","date_gmt":"2021-04-19T21:31:02","guid":{"rendered":"http:\/\/zptlewiatan.pl\/?page_id=1332"},"modified":"2022-06-21T22:46:13","modified_gmt":"2022-06-21T20:46:13","slug":"rekomendacje","status":"publish","type":"page","link":"https:\/\/zptlewiatan.pl\/?page_id=1332","title":{"rendered":"Rekomendacje"},"content":{"rendered":"<!-- VideographyWP Plugin Message: Automatic video embedding prevented by plugin options. -->\n\n<figure class=\"wp-block-embed is-type-video is-provider-youtube wp-block-embed-youtube wp-embed-aspect-16-9 wp-has-aspect-ratio\"><div class=\"wp-block-embed__wrapper\">\n<iframe loading=\"lazy\" title=\"Barczak Brudnicki Rekomendacje\" width=\"1200\" height=\"675\" src=\"https:\/\/www.youtube.com\/embed\/KSx5PuZwg7M?feature=oembed\" frameborder=\"0\" allow=\"accelerometer; autoplay; clipboard-write; encrypted-media; gyroscope; picture-in-picture; web-share\" referrerpolicy=\"strict-origin-when-cross-origin\" allowfullscreen><\/iframe>\n<\/div><\/figure>\n\n\n\n<p>Zapraszamy do zapoznania si\u0119 z rekomendacjami dotycz\u0105cymi szkole\u0144 zawodowych przygotowanych przez Sektorow\u0105 Rad\u0119 ds. Kompetencji Turystyka<\/p>\n\n\n\n<figure class=\"wp-block-table is-style-stripes\"><table><tbody><tr><td><strong>Kompetencja<\/strong><\/td><td>Absolwent szkolenia, zna, potrafi, rozumie<\/td><td>Rekomendowana grupa docelowa<\/td><td>Czas trwania szkolenia<\/td><td>Instytucja <br><\/td><td>Szczeg\u00f3\u0142y Szkolenia<\/td><\/tr><tr><td>Nowetechnologie wturystyce<\/td><td>Zna najwa\u017cniejsze trendy rozwojowe w hotelarstwie i turystyce.Potrafi adaptowa\u0107 metody, technologie i procedury zwi\u0105zane zrealizacj\u0105 zada\u0144 zawodowych w podstawowych pionach zak\u0142ad\u00f3w hotelarskich.W szerokim zakresie teoretyczne podstawy metod i technologii stosowanych w dzia\u0142alno\u015bci wytw\u00f3rc\u00f3w us\u0142ug turystycznych.Umie adaptowa\u0107 metody, technologie i procedury zwi\u0105zane z oferowaniem i sprzeda\u017c\u0105 imprez i us\u0142ug turystycznych, w tym po\u015brednictwem turystycznym.<\/td><td>Kadra zarz\u0105dzaj\u0105ca&nbsp;zak\u0142adami hotelarskimi a tak\u017ce organizacjami zajmuj\u0105cymi si\u0119 sprzeda\u017c\u0105 us\u0142ug turystycznych<\/td><td>Szkolenie 16 godzin, Doradztow 8 godzin<\/td><td>HumaneoSiedziba: ul. Nawojowska 12, 33-300 Nowy S\u0105cz<\/td><td><a href=\"https:\/\/uslugirozwojowe.parp.gov.pl\/wyszukiwarka\/uslugi\/podglad?id=805444\">Strona WWW szkolenia<\/a><\/td><\/tr><tr><td>Doradztwo w Turystyce<\/td><td>Zna wsp\u00f3\u0142czesne czynniki determinuj\u0105ce zachowania klient\u00f3w na rynku konsumenckim oraz identyfikuje wsp\u00f3\u0142czesne trendy i tendencje w zachowaniach konsument\u00f3w us\u0142ug turystycznych na rynku turystycznym.Potrafi: korzysta\u0107 z baz danych i \u017ar\u00f3de\u0142 wiedzy w zakresie Consumer TrendsZna i stosuje zasady modelu go\u015bcinno\u015bci oraz techniki negocjacyjne w procesie kupna sprzeda\u017cy oferty turystycznej.Posiada umiej\u0119tno\u015b\u0107 projektowania oferty w modelu SDL \u2013 koncentruj\u0105cym si\u0119 nawsp\u00f3\u0142tworzeniu i preferencjach konsumenta (model Service Dominant Logic).Posiada umiej\u0119tno\u015b\u0107 projektowania (w tym kalkulowania) oferty dla r\u00f3\u017cnych grup klient\u00f3w (indywidualnych, grupowych, instytucjonalnych).<\/td><td>Kadra firm turystycznych w zakresie podnoszenia i zdobywania nowych kompleksiowych kompetencji<\/td><td>Szkolenia 24 godziny, doradztow 8 goddzin<\/td><td>&nbsp;<\/td><td>&nbsp;<\/td><\/tr><tr><td>Obs\u0142uga klienta w biurach podr\u00f3\u017cy w \u015bwietle nowej ustawy o imprezach turystycznych i powi\u0105zanych us\u0142ugach turystycznych z dnia 24 listopada 2017 r. (Dz. U. poz.2361),<\/td><td>Zna warunki oferowania, sprzeda\u017cy i realizacji imprez turystycznych i powi\u0105zanych us\u0142ug turystycznych okre\u015blone ustaw\u0105 o imprezach turystycznych i powi\u0105zanych us\u0142ugach turystycznych.Zna procedury i standardy odnosz\u0105ce si\u0119 do wykonywania zada\u0144 zawodowych, zwi\u0105zanych z organizacj\u0105 i sprzeda\u017c\u0105 imprez oraz obs\u0142ug\u0105 podr\u00f3\u017cnych w trakcie imprezy turystycznejZna wprowadzone przez ustaw\u0119 rozwi\u0105zania maj\u0105ce na celu zapewnienie bezpiecze\u0144stwa \u017cycia, zdrowia i interes\u00f3w ekonomicznych podr\u00f3\u017cnych w tym ochrony przed skutkami utraty przez nie p\u0142ynno\u015bci finansowej.Zna procedury rozpatrywania skarg i metody pozas\u0105dowego rozwi\u0105zywania spor\u00f3w konsumenckichZna zasady odpowiedzialno\u015bci organizatora turystyki i przedsi\u0119biorcy u\u0142atwiaj\u0105cego nabywanie powi\u0105zanych us\u0142ug turystycznych za niewykonania lub nienale\u017cyte wykonanie umowy zawartej z podr\u00f3\u017cnym.Potrafi przygotowa\u0107 dla podr\u00f3\u017cnych informacje przedkontraktowe dotycz\u0105ce poszczeg\u00f3lnych rodzaj\u00f3w imprez turystycznych i powi\u0105zanych us\u0142ug turystycznych obj\u0119tych ustaw\u0105Potrafi przygotowa\u0107 projekt umowy o imprez\u0119 turystyczna lub us\u0142ug\u0119 turystyczn\u0105 uwzgl\u0119dniaj\u0105cy wymogi i ograniczenia wprowadzone przez ustaw\u0119.Potrafi dokona\u0107 wyboru kontrahent\u00f3w na podstawie oceny jako\u015bci \u015bwiadczonych przez nich us\u0142ug turystycznych.Podejmuje dzia\u0142ania maj\u0105ce na celu zapobieganie negatywnym konsekwencjom niewykonania lub nienale\u017cytego wykonania us\u0142ug wchodz\u0105cych w sk\u0142ad imprezy lub powi\u0105zanych us\u0142ug turystycznychKompetencje spo\u0142eczne: Komunikuje si\u0119 z r\u00f3\u017cnymi grupami podr\u00f3\u017cnych uwzgl\u0119dniaj\u0105c nowe rozwi\u0105zania wprowadzone<\/td><td>pracownicy biur podr\u00f3\u017cy zatrudnieni na stanowiskach ds. organizacji przeda\u017cy i obs\u0142ugi imprez turystyzcnych<\/td><td>32 do 40 godzin<\/td><td>Siedziba: ul. Mieszka I 29\/3, 62-200 Gniezno Siedziba: ul. Mieszka I 29\/3, 62-200 Gniezno<\/td><td><a href=\"https:\/\/uslugirozwojowe.parp.gov.pl\/wyszukiwarka\/uslugi\/podglad?id=613593\">Strona WWW szkolenia<\/a><\/td><\/tr><tr><td>Bezpiecze\u0144stwo&nbsp;&nbsp;danych osobowych w przedsi\u0119biorstwach turystycznych<\/td><td>Zna podstawowe regulacje prawne i wprowadzone nimi podstawowe zasady dotycz\u0105ce ochrony danych osobowych w przedsi\u0119biorstwie turystycznym, a w szczeg\u00f3lno\u015bci zasady dotycz\u0105ce identyfikacji danych osobowych (w tym danych wra\u017cliwych) podlegaj\u0105cych ochronie, oceny ryzyka zwi\u0105zanego z ich przetwarzaniem , doboru \u015brodk\u00f3w zapobiegaj\u0105cych jego wyst\u0105pieniu w przedsi\u0119biorstwie turystycznymPotrafi zidentyfikowa\u0107 dane osobowe, prowadzi\u0107 ich ewidencj\u0119, informowa\u0107 osoby, kt\u00f3rych ww. dane dotycz\u0105 o ich przetwarzaniu, prowadzi\u0107 zbiory danych, oraz rejestry danych wra\u017cliwychKompetencje spo\u0142eczne: Respektuje zasady dotycz\u0105ce ochrony danych osobowych wprowadzonych przez przepisy prawne<\/td><td>Osoby pracuj\u0105ce na stanowiskach zwi\u0105zanych z gromadzeniam i przetwarzaniem danych osobowyh<\/td><td>&nbsp;<\/td><td>&nbsp;<\/td><td>&nbsp;<\/td><\/tr><tr><td>Pilot wycieczek<\/td><td>zna i rozumie w szerokim zakresie informacje specjalistyczne z zakresu krajoznawstwa, historii, geografii, przyrody, kultury, etnografii dotycz\u0105ce r\u00f3\u017cnych, atrakcyjnych turystycznie region\u00f3w \u015bwiata potrafi przygotowa\u0107 plan realizacji zada\u0144 zawodowych w\u0142asnych i koordynowanego zespo\u0142u, z uwzgl\u0119dnieniem zmiennych, nie w pe\u0142ni przewidywalnych warunk\u00f3w, oraz korygowa\u0107 go stosowanie do okoliczno\u015bcipotrafi \u015bwiadomie selekcjonowa\u0107 narz\u0119dzia komunikacji w spos\u00f3b pozwalaj\u0105cy na rozwi\u0105zywanie sytuacji trudnych i zapobieganie konfliktom z udzia\u0142em uczestnik\u00f3w imprezy turystycznej lub innej formy turystyki a tak\u017ce wykonywa\u0107 z\u0142o\u017cone i nie typowe zadania zawodowe w zmiennych i nie w pe\u0142ni przewidywanych warunkachkompetencji spo\u0142eczne:jest got\u00f3w do pe\u0142nienia roli przyw\u00f3dcy i inspirowania turyst\u00f3w w trakcie imprezy turystycznej lub innej formy turystyki jest got\u00f3w do wykazywania si\u0119 cierpliwo\u015bci\u0105 i opanowaniem w sytuacjach nietypowych napotkanych podczas realizacji r\u00f3\u017cnorodnych zda\u0144<\/td><td>studenci i absolwenci I stopnia nast\u0119puj\u0105cych kierunk\u00f3w \/ obszar\u00f3w kszta\u0142cenia: \u201eturystyka i rekreacja\u201d, georgrafia\u201d, \u201egospodarka turystyzna\u201d, \u201ekulturoznawstwo\u201d<\/td><td>100 godzin<\/td><td>&nbsp;<\/td><td>&nbsp;<\/td><\/tr><tr><td>Instruktor praktycznej nauki zawodu, (W zakresie: pedagogiki ze szczeg\u00f3lnym uwzgl\u0119dnieniem pedagogiki pracy)<\/td><td>okre\u015bli\u0107 zakres i zadania pedagogiki pracy,opisa\u0107 przedmiot kszta\u0142cenia i wychowania przed zawodowego, pro zawodowego i zawodowego,okre\u015bli\u0107 funkcje doradztwa zawodowego,wskaza\u0107 mo\u017cliwo\u015bci dla dalszego kszta\u0142ceniazidentyfikowa\u0107 ustawowe zadania nauczyciela w zakresie dydaktyki, opieki i wychowania,opisa\u0107 funkcje klasyfikacji zawod\u00f3w szkolnictwa bran\u017cowego,okre\u015bli\u0107 typy szk\u00f3\u0142 prowadz\u0105cych kszta\u0142cenie zawodowe i innych form kszta\u0142cenia zawodowegookre\u015bli\u0107 zasady organizacji praktycznej nauki zawodu,wskaza\u0107 zadania instruktora praktycznej nauki zawodu,okre\u015bli\u0107 zasady zatrudniania m\u0142odocianych pracownik\u00f3wwskaza\u0107 zakres odpowiedzialno\u015bci instruktora<\/td><td>Grup\u0119 docelow\u0105 tworz\u0105 osoby wymienione w\u00a7 10. Ust. 2. Rozporz\u0105dzenia Ministra Edukacji Narodowejz dnia 22 lutego 2019 r.w sprawie praktycznej nauki zawoduDziennik Ustaw Rzeczypospolitej PolskiejWarszawa, dnia 28 lutego 2019 r. Poz. 391nieposiadaj\u0105ce kompetencji instruktora praktycznej nauki zawodu wskazanych w \u00a7 10. Ust. 3.<\/td><td>55 godzin<\/td><td>&nbsp;<\/td><td>&nbsp;<\/td><\/tr><tr><td>Animator czasu wolnego<\/td><td>og\u00f3lne podstawy teoretyczne metod i rozwi\u0105za\u0144 w odniesieniu do form i zasad organizowania turystom rekreacji oraz czasu wolnego stosowanych w wykonywanych zadaniach zawodowych r\u00f3\u017cnorodne metody prowadzenia zaj\u0119\u0107 animacyjnych w oparciu o rozbudowane programy animacyjne.r\u00f3\u017cnorodne \u017ar\u00f3d\u0142a informacji niezb\u0119dnych do realizacji zada\u0144 zawodowych z zakresu pilota\u017cu, przewodnictwa i animacji czasu wolnegow szerokim zakresie \u017ar\u00f3d\u0142a zagro\u017ce\u0144 dla \u017cycia, zdrowia, baga\u017cu oraz interes\u00f3w ekonomicznych turyst\u00f3w.zasady, normy i procedury dotycz\u0105ce udzielania pomocy turystom w sytuacjach zagro\u017cenia.regulacje dotycz\u0105ce \u015bwiadczenia us\u0142ug z zakresu pilota\u017cu, przewodnictwa i animacji czasu wolnegozasady prowadzenia dokumentacji zwi\u0105zanej z wykonywaniem zada\u0144 zawodowych z zakresu pilota\u017cu, przewodnictwa i animacji czasu wolnego, w tym m.in. dokumentacji finansowej, sprawozdawczo\u015bci, dziennika zaj\u0119\u0107.<\/td><td>Preferowani:absolwenci kierunku turystyka i rekreacjaAbsolwenci kierunku wychowanie fizyczneponadtoAbsolwenci innych kierunk\u00f3w I i II stopniaOraz osoby z minimum wykszta\u0142ceniem \u015brednim<\/td><td>24 godziny<\/td><td>&nbsp;<\/td><td>&nbsp;<\/td><\/tr><tr><td>Bezpiecze\u0144stwo w hotelu w dobie COVID-19<\/td><td>Zna wytyczne dla hotelu podczas pandemii.Wie, jak przenosi si\u0119 SARS-COV2 i jakie \u015brodki prewencji nale\u017cy u\u017cy\u0107.posiada wiedz\u0119 z zakresu zapobiegania wyst\u0105pieniu zagro\u017cenia niesionego przez SARS-COV2.Umiej\u0119tno\u015bciPotrafi dokumentowa\u0107 dzia\u0142ania zwi\u0105zane z ochron\u0105 przed SARS-COV2.Potrafi w\u0142a\u015bciwie dobiera\u0107 \u015brodki ochrony dla pracownik\u00f3w i go\u015bci hotelowych.Kreuje procedury zwi\u0105zane z przyj\u0119ciem go\u015bci w dobie pandemii.Potrafi zapewni\u0107 ochron\u0119 procesom technologicznym (przede wszystkim w restauracji hotelowej) w obliczu zagro\u017cenia SARS-COV2.Kompetencje spo\u0142eczneMa \u015bwiadomo\u015b\u0107 nt. roli kadry kierowniczej w dzia\u0142aniach zmierzaj\u0105cych do minimalizacji zagro\u017ce\u0144.Potrafi w\u0142a\u015bciwie reagowa\u0107 w przypadku pojawienia si\u0119 go\u015bcia, kt\u00f3rego stan zdrowia pozwala podejrzewa\u0107 SARS-COV2 (zar\u00f3wno na etapie check-im jak i podczas pobytu w hotelu).<\/td><td>Kadra zarz\u0105dzaj\u0105ca w hotelu oraz osoby odpowiedzialne za bezpiecze\u0144stwo sanitarno-epidemiologiczne w hotelu; kierownictwo s\u0142u\u017cby pi\u0119ter; kierownicy zmiany s\u0142u\u017cby pi\u0119ter (tzw. supervisor\u201d<\/td><td>16 godzin<\/td><td>Wy\u017csza Szko\u0142a Turystyki i Ekologii w Suchej BeskidzkiejSiedziba: ul. Zamkowa 1, 34-200 Sucha Beskidzka<\/td><td><a href=\"https:\/\/uslugirozwojowe.parp.gov.pl\/wyszukiwarka\/uslugi\/podglad?id=823032\">Strona WWW szkolenia<\/a><\/td><\/tr><tr><td>Obs\u0142uga klienta w hotelarstwie i gastronomii oraz trudne sytuacje z klientem zwi\u0105zane z COVID-19, kt\u00f3rych absolwent:<\/td><td>wie jak przekazywa\u0107 klientom informacje w zwi\u0105zku z COVID-19 z pokazaniem intencji dba\u0142o\u015bci o bezpiecze\u0144stwo zdrowotne go\u015bci zna zasady radzenia sobie z trudnymi sytuacjamiposiada podstawow\u0105 wiedz\u0119 z zakresu inteligencji emocjonalnej i radzenia sobie w konflikcieUmiej\u0119tno\u015bcipotrafi szybko, skutecznie i z dba\u0142o\u015bci\u0105 o wysoki standard obs\u0142ugi reagowa\u0107 na trudne sytuacje z klientamiumiej\u0119tnie przekazuje informacje o obostrzeniach i wymogach zwi\u0105zanych z COVID-19potrafi zadba\u0107 o zadowolenie klienta z jednoczesnym zadbaniem o bezpiecze\u0144stwo i spe\u0142nienie wymog\u00f3w zwi\u0105zanych z COVID-19Kompetencje spo\u0142ecznema \u015bwiadomo\u015b\u0107 roli pracownika hotelu lub restauracji w zapewnieniu bezpiecze\u0144stwa zdrowotnego klientomdostrzega konieczno\u015b\u0107 zadbania o wymogi sanitarnez empati\u0105 podchodzi zapewnienia klientom bezpiecze\u0144stwa w zwi\u0105zku z COVID-19<\/td><td>Kadra zamuj\u0105ca si\u0119 obs\u0142ug\u0105 klienta w Hotelu i Gastronomii<\/td><td>16 godzin<\/td><td>Wy\u017csza Szko\u0142a Turystyki i Ekologii w Suchej BeskidzkiejSiedziba: ul. Zamkowa 1, 34-200 Sucha Beskidzka<\/td><td><a href=\"https:\/\/uslugirozwojowe.parp.gov.pl\/wyszukiwarka\/uslugi\/podglad?id=823108\">Strona WWW szkolenia<\/a><\/td><\/tr><\/tbody><\/table><\/figure>\n\n\n\n<p>Pobierz rekomendacje Rady<br><\/p>\n\n\n\n<p><\/p>\n\n\n\n<div class=\"wp-block-file\"><a href=\"http:\/\/zptlewiatan.pl\/wp-content\/uploads\/2022\/06\/new_5_05_2022_Aktualizacja-Rekomendacji-nr-4_turystyka-1_uwagi-PARP-2.pdf\">new_5_05_2022_Aktualizacja Rekomendacji nr 4_turystyka (1)_uwagi PARP-2<\/a><a href=\"http:\/\/zptlewiatan.pl\/wp-content\/uploads\/2022\/06\/new_5_05_2022_Aktualizacja-Rekomendacji-nr-4_turystyka-1_uwagi-PARP-2.pdf\" class=\"wp-block-file__button\" download>Pobierz<\/a><\/div>\n\n\n\n<div class=\"wp-block-file\"><a href=\"http:\/\/zptlewiatan.pl\/wp-content\/uploads\/2021\/06\/07_06_2021_Turystyka-Rekomendacja-nr-2-aktualizacja.pdf\">Rekomendacja nr 2 z uwzgl\u0119dnieniem p\u00f3\u017aniejszych zmian<\/a><a href=\"http:\/\/zptlewiatan.pl\/wp-content\/uploads\/2021\/06\/07_06_2021_Turystyka-Rekomendacja-nr-2-aktualizacja.pdf\" class=\"wp-block-file__button\" download>Pobierz<\/a><\/div>\n\n\n\n<div class=\"wp-block-file\"><a href=\"http:\/\/zptlewiatan.pl\/wp-content\/uploads\/2022\/05\/rekomendacja_turystyka-z-korekta.pdf\">Rekomendacja nr. 2 po zmianach 2022<\/a><a href=\"http:\/\/zptlewiatan.pl\/wp-content\/uploads\/2022\/05\/rekomendacja_turystyka-z-korekta.pdf\" class=\"wp-block-file__button\" download>Pobierz<\/a><\/div>\n\n\n\n<div class=\"wp-block-file\"><a href=\"http:\/\/zptlewiatan.pl\/wp-content\/uploads\/2021\/06\/PARP-Rekomendacja-nr-3-Zacznik-nr-15.3.C-do-Regulaminu-konkursu-Rada-Turystyki-obowiazujca-od-15.07.2019.pdf\">Rekomendacja nr 3<\/a><a href=\"http:\/\/zptlewiatan.pl\/wp-content\/uploads\/2021\/06\/PARP-Rekomendacja-nr-3-Zacznik-nr-15.3.C-do-Regulaminu-konkursu-Rada-Turystyki-obowiazujca-od-15.07.2019.pdf\" class=\"wp-block-file__button\" download>Pobierz<\/a><\/div>\n\n\n\n<div class=\"wp-block-file\"><a href=\"http:\/\/zptlewiatan.pl\/wp-content\/uploads\/2021\/06\/PARP-Rekomendacja-nr-4-26_11_2020_Rekomendacja_turystyka_.pdf\">Rekomendacja nr 4<\/a><a href=\"http:\/\/zptlewiatan.pl\/wp-content\/uploads\/2021\/06\/PARP-Rekomendacja-nr-4-26_11_2020_Rekomendacja_turystyka_.pdf\" class=\"wp-block-file__button\" download>Pobierz<\/a><\/div>\n","protected":false},"excerpt":{"rendered":"<p>Zapraszamy do zapoznania si\u0119 z rekomendacjami dotycz\u0105cymi szkole\u0144 zawodowych przygotowanych przez Sektorow\u0105 Rad\u0119 ds. Kompetencji Turystyka Kompetencja Absolwent szkolenia, zna, potrafi, rozumie Rekomendowana grupa docelowa &hellip; <\/p>\n","protected":false},"author":2,"featured_media":0,"parent":13,"menu_order":0,"comment_status":"closed","ping_status":"closed","template":"","meta":{"jetpack_post_was_ever_published":false,"footnotes":""},"class_list":["post-1332","page","type-page","status-publish","hentry"],"yoast_head":"<!-- This site is optimized with the Yoast SEO plugin v20.1 - https:\/\/yoast.com\/wordpress\/plugins\/seo\/ -->\n<title>Rekomendacje - Zwi\u0105zek Pracodawc\u00f3w Turystyki Lewiatan<\/title>\n<meta name=\"robots\" content=\"index, follow, max-snippet:-1, max-image-preview:large, max-video-preview:-1\" \/>\n<link rel=\"canonical\" href=\"https:\/\/zptlewiatan.pl\/?page_id=1332\" \/>\n<meta property=\"og:locale\" content=\"pl_PL\" \/>\n<meta property=\"og:type\" content=\"article\" \/>\n<meta property=\"og:title\" content=\"Rekomendacje - Zwi\u0105zek Pracodawc\u00f3w Turystyki Lewiatan\" \/>\n<meta property=\"og:description\" content=\"Zapraszamy do zapoznania si\u0119 z rekomendacjami dotycz\u0105cymi szkole\u0144 zawodowych przygotowanych przez Sektorow\u0105 Rad\u0119 ds. Kompetencji Turystyka Kompetencja Absolwent szkolenia, zna, potrafi, rozumie Rekomendowana grupa docelowa &hellip;\" \/>\n<meta property=\"og:url\" content=\"https:\/\/zptlewiatan.pl\/?page_id=1332\" \/>\n<meta property=\"og:site_name\" content=\"Zwi\u0105zek Pracodawc\u00f3w Turystyki Lewiatan\" \/>\n<meta property=\"article:modified_time\" content=\"2022-06-21T20:46:13+00:00\" \/>\n<meta name=\"twitter:card\" content=\"summary_large_image\" \/>\n<meta name=\"twitter:label1\" content=\"Szacowany czas czytania\" \/>\n\t<meta name=\"twitter:data1\" content=\"6 minut\" \/>\n<script type=\"application\/ld+json\" class=\"yoast-schema-graph\">{\"@context\":\"https:\/\/schema.org\",\"@graph\":[{\"@type\":\"WebPage\",\"@id\":\"https:\/\/zptlewiatan.pl\/?page_id=1332\",\"url\":\"https:\/\/zptlewiatan.pl\/?page_id=1332\",\"name\":\"Rekomendacje - Zwi\u0105zek Pracodawc\u00f3w Turystyki Lewiatan\",\"isPartOf\":{\"@id\":\"http:\/\/zptlewiatan.pl\/#website\"},\"datePublished\":\"2021-04-19T21:31:02+00:00\",\"dateModified\":\"2022-06-21T20:46:13+00:00\",\"breadcrumb\":{\"@id\":\"https:\/\/zptlewiatan.pl\/?page_id=1332#breadcrumb\"},\"inLanguage\":\"pl-PL\",\"potentialAction\":[{\"@type\":\"ReadAction\",\"target\":[\"https:\/\/zptlewiatan.pl\/?page_id=1332\"]}]},{\"@type\":\"BreadcrumbList\",\"@id\":\"https:\/\/zptlewiatan.pl\/?page_id=1332#breadcrumb\",\"itemListElement\":[{\"@type\":\"ListItem\",\"position\":1,\"name\":\"Strona g\u0142\u00f3wna\",\"item\":\"http:\/\/zptlewiatan.pl\/\"},{\"@type\":\"ListItem\",\"position\":2,\"name\":\"Rada ds. Kompetencji sektora turystyki\",\"item\":\"https:\/\/zptlewiatan.pl\/?page_id=13\"},{\"@type\":\"ListItem\",\"position\":3,\"name\":\"Rekomendacje\"}]},{\"@type\":\"WebSite\",\"@id\":\"http:\/\/zptlewiatan.pl\/#website\",\"url\":\"http:\/\/zptlewiatan.pl\/\",\"name\":\"Zwi\u0105zek Pracodawc\u00f3w Turystyki Lewiatan\",\"description\":\"\",\"publisher\":{\"@id\":\"http:\/\/zptlewiatan.pl\/#organization\"},\"potentialAction\":[{\"@type\":\"SearchAction\",\"target\":{\"@type\":\"EntryPoint\",\"urlTemplate\":\"http:\/\/zptlewiatan.pl\/?s={search_term_string}\"},\"query-input\":\"required name=search_term_string\"}],\"inLanguage\":\"pl-PL\"},{\"@type\":\"Organization\",\"@id\":\"http:\/\/zptlewiatan.pl\/#organization\",\"name\":\"Zwi\u0105zek Pracodawc\u00f3w Turystyki Lewiatan\",\"url\":\"http:\/\/zptlewiatan.pl\/\",\"logo\":{\"@type\":\"ImageObject\",\"inLanguage\":\"pl-PL\",\"@id\":\"http:\/\/zptlewiatan.pl\/#\/schema\/logo\/image\/\",\"url\":\"https:\/\/zptlewiatan.pl\/wp-content\/uploads\/2016\/12\/cropped-Lewiatan_turystyka-male-e1579985180872.jpg\",\"contentUrl\":\"https:\/\/zptlewiatan.pl\/wp-content\/uploads\/2016\/12\/cropped-Lewiatan_turystyka-male-e1579985180872.jpg\",\"width\":278,\"height\":90,\"caption\":\"Zwi\u0105zek Pracodawc\u00f3w Turystyki Lewiatan\"},\"image\":{\"@id\":\"http:\/\/zptlewiatan.pl\/#\/schema\/logo\/image\/\"}}]}<\/script>\n<!-- \/ Yoast SEO plugin. -->","yoast_head_json":{"title":"Rekomendacje - Zwi\u0105zek Pracodawc\u00f3w Turystyki Lewiatan","robots":{"index":"index","follow":"follow","max-snippet":"max-snippet:-1","max-image-preview":"max-image-preview:large","max-video-preview":"max-video-preview:-1"},"canonical":"https:\/\/zptlewiatan.pl\/?page_id=1332","og_locale":"pl_PL","og_type":"article","og_title":"Rekomendacje - Zwi\u0105zek Pracodawc\u00f3w Turystyki Lewiatan","og_description":"Zapraszamy do zapoznania si\u0119 z rekomendacjami dotycz\u0105cymi szkole\u0144 zawodowych przygotowanych przez Sektorow\u0105 Rad\u0119 ds. Kompetencji Turystyka Kompetencja Absolwent szkolenia, zna, potrafi, rozumie Rekomendowana grupa docelowa &hellip;","og_url":"https:\/\/zptlewiatan.pl\/?page_id=1332","og_site_name":"Zwi\u0105zek Pracodawc\u00f3w Turystyki Lewiatan","article_modified_time":"2022-06-21T20:46:13+00:00","twitter_card":"summary_large_image","twitter_misc":{"Szacowany czas czytania":"6 minut"},"schema":{"@context":"https:\/\/schema.org","@graph":[{"@type":"WebPage","@id":"https:\/\/zptlewiatan.pl\/?page_id=1332","url":"https:\/\/zptlewiatan.pl\/?page_id=1332","name":"Rekomendacje - Zwi\u0105zek Pracodawc\u00f3w Turystyki Lewiatan","isPartOf":{"@id":"http:\/\/zptlewiatan.pl\/#website"},"datePublished":"2021-04-19T21:31:02+00:00","dateModified":"2022-06-21T20:46:13+00:00","breadcrumb":{"@id":"https:\/\/zptlewiatan.pl\/?page_id=1332#breadcrumb"},"inLanguage":"pl-PL","potentialAction":[{"@type":"ReadAction","target":["https:\/\/zptlewiatan.pl\/?page_id=1332"]}]},{"@type":"BreadcrumbList","@id":"https:\/\/zptlewiatan.pl\/?page_id=1332#breadcrumb","itemListElement":[{"@type":"ListItem","position":1,"name":"Strona g\u0142\u00f3wna","item":"http:\/\/zptlewiatan.pl\/"},{"@type":"ListItem","position":2,"name":"Rada ds. Kompetencji sektora turystyki","item":"https:\/\/zptlewiatan.pl\/?page_id=13"},{"@type":"ListItem","position":3,"name":"Rekomendacje"}]},{"@type":"WebSite","@id":"http:\/\/zptlewiatan.pl\/#website","url":"http:\/\/zptlewiatan.pl\/","name":"Zwi\u0105zek Pracodawc\u00f3w Turystyki Lewiatan","description":"","publisher":{"@id":"http:\/\/zptlewiatan.pl\/#organization"},"potentialAction":[{"@type":"SearchAction","target":{"@type":"EntryPoint","urlTemplate":"http:\/\/zptlewiatan.pl\/?s={search_term_string}"},"query-input":"required name=search_term_string"}],"inLanguage":"pl-PL"},{"@type":"Organization","@id":"http:\/\/zptlewiatan.pl\/#organization","name":"Zwi\u0105zek Pracodawc\u00f3w Turystyki Lewiatan","url":"http:\/\/zptlewiatan.pl\/","logo":{"@type":"ImageObject","inLanguage":"pl-PL","@id":"http:\/\/zptlewiatan.pl\/#\/schema\/logo\/image\/","url":"https:\/\/zptlewiatan.pl\/wp-content\/uploads\/2016\/12\/cropped-Lewiatan_turystyka-male-e1579985180872.jpg","contentUrl":"https:\/\/zptlewiatan.pl\/wp-content\/uploads\/2016\/12\/cropped-Lewiatan_turystyka-male-e1579985180872.jpg","width":278,"height":90,"caption":"Zwi\u0105zek Pracodawc\u00f3w Turystyki Lewiatan"},"image":{"@id":"http:\/\/zptlewiatan.pl\/#\/schema\/logo\/image\/"}}]}},"jetpack_sharing_enabled":true,"jetpack_shortlink":"https:\/\/wp.me\/PaFHNI-lu","_links":{"self":[{"href":"https:\/\/zptlewiatan.pl\/index.php?rest_route=\/wp\/v2\/pages\/1332","targetHints":{"allow":["GET"]}}],"collection":[{"href":"https:\/\/zptlewiatan.pl\/index.php?rest_route=\/wp\/v2\/pages"}],"about":[{"href":"https:\/\/zptlewiatan.pl\/index.php?rest_route=\/wp\/v2\/types\/page"}],"author":[{"embeddable":true,"href":"https:\/\/zptlewiatan.pl\/index.php?rest_route=\/wp\/v2\/users\/2"}],"replies":[{"embeddable":true,"href":"https:\/\/zptlewiatan.pl\/index.php?rest_route=%2Fwp%2Fv2%2Fcomments&post=1332"}],"version-history":[{"count":0,"href":"https:\/\/zptlewiatan.pl\/index.php?rest_route=\/wp\/v2\/pages\/1332\/revisions"}],"up":[{"embeddable":true,"href":"https:\/\/zptlewiatan.pl\/index.php?rest_route=\/wp\/v2\/pages\/13"}],"wp:attachment":[{"href":"https:\/\/zptlewiatan.pl\/index.php?rest_route=%2Fwp%2Fv2%2Fmedia&parent=1332"}],"curies":[{"name":"wp","href":"https:\/\/api.w.org\/{rel}","templated":true}]}}