{"id":13,"date":"2016-12-11T15:58:03","date_gmt":"2016-12-11T14:58:03","guid":{"rendered":"http:\/\/serwer-ekredytobiorca.home.pl\/wp-temp\/?page_id=13"},"modified":"2021-03-30T08:41:10","modified_gmt":"2021-03-30T06:41:10","slug":"rada","status":"publish","type":"page","link":"https:\/\/zptlewiatan.pl\/?page_id=13","title":{"rendered":"Rada ds. Kompetencji sektora turystyki"},"content":{"rendered":"<p><!-- VideographyWP Plugin Message: Automatic video embedding prevented by plugin options. --><\/p>\n<h2><strong>Co nowego w Radzie<\/strong><\/h2>\n<p><span class=\"crayon-sy\">[<\/span><span class=\"crayon-e\">ic_add_posts <\/span><span class=\"crayon-v\">category<\/span><span class=\"crayon-o\">=<\/span><span class=\"crayon-s\">&#8217;Rada ds. Kompetecji&#8217;<\/span><span class=\"crayon-sy\">]<\/span><\/p>\n\n<!-- NOTE: If you need to make changes to this file, copy it to your current theme's main\n\tdirectory so your changes won't be overwritten when the plugin is upgraded. -->\n\n<!-- Post Wrap Start-->\n<div class=\"post hentry ivycat-post\">\n\n\t<!-- \tThis outputs the post TITLE -->\n\t<h2 class=\"entry-title\"><a href=\"https:\/\/zptlewiatan.pl\/?p=1861\">ZAPYTANIE DOTYCZ\u0104CE ROZEZNANIA RYNKU I REALIZACJ\u0118 ZAM\u00d3WIENIA Nr 1\/2026<\/a><\/h2>\n\n\t<!-- \tThis outputs the post EXCERPT.  To display full content including images and html,\n\t\treplace the_excerpt(); with the_content();  below. -->\n\t<div class=\"entry-summary\">\n\t\t<p>Zwi\u0105zek Pracodawc\u00f3w Turystyki Lewiatan, w ramach projektu&nbsp;\u201eBran\u017cowe Centrum umiej\u0119tno\u015bci\u201d w dziedzinie Turystyka o nr KPOD. 01.21-IW.08-003\/24 realizowanego w ramach programu : Krajowy Plan Odbudowy i &hellip; <\/p>\n\t<\/div>\n\n\t<!--\tThis outputs the post META information -->\n\t<div class=\"entry-utility\">\n\t\t\t\t\t<span class=\"cat-links\">\n\t\t\t\t<span class=\"entry-utility-prep entry-utility-prep-cat-links\">Posted in<\/span> <a href=\"https:\/\/zptlewiatan.pl\/?cat=3\" rel=\"category\">Aktualno\u015bci<\/a>\t\t\t<\/span>\n\t\t\t<span class=\"meta-sep\">|<\/span>\n\t\t\t\t\t\t<span class=\"comments-link\">\n\t\t\t<span>Mo\u017cliwo\u015b\u0107 komentowania <span class=\"screen-reader-text\">ZAPYTANIE DOTYCZ\u0104CE ROZEZNANIA RYNKU I REALIZACJ\u0118 ZAM\u00d3WIENIA Nr 1\/2026<\/span> zosta\u0142a wy\u0142\u0105czona<\/span>\t\t<\/span>\n\t\t\t<\/div>\n<\/div>\n<!-- \/\/ Post Wrap End -->\n\n<!-- NOTE: If you need to make changes to this file, copy it to your current theme's main\n\tdirectory so your changes won't be overwritten when the plugin is upgraded. -->\n\n<!-- Post Wrap Start-->\n<div class=\"post hentry ivycat-post\">\n\n\t<!-- \tThis outputs the post TITLE -->\n\t<h2 class=\"entry-title\"><a href=\"https:\/\/zptlewiatan.pl\/?p=1842\">Informacja o tworzeniu Sektorowej Rady ds. Kompetencji \u2013 Turystyka<\/a><\/h2>\n\n\t<!-- \tThis outputs the post EXCERPT.  To display full content including images and html,\n\t\treplace the_excerpt(); with the_content();  below. -->\n\t<div class=\"entry-summary\">\n\t\t<p>Forum Turystyki Region\u00f3w, we wsp\u00f3\u0142pracy z partnerami: Zwi\u0105zkiem Pracodawc\u00f3w Turystyki Lewiatan oraz Izb\u0105 Turystyki Rzeczypospolitej Polskiej, rozpocz\u0119\u0142o proces tworzenia i kompletowania sk\u0142adu osobowego Sektorowej Rady &hellip; <\/p>\n\t<\/div>\n\n\t<!--\tThis outputs the post META information -->\n\t<div class=\"entry-utility\">\n\t\t\t\t\t<span class=\"cat-links\">\n\t\t\t\t<span class=\"entry-utility-prep entry-utility-prep-cat-links\">Posted in<\/span> <a href=\"https:\/\/zptlewiatan.pl\/?cat=3\" rel=\"category\">Aktualno\u015bci<\/a>, <a href=\"https:\/\/zptlewiatan.pl\/?cat=5\" rel=\"category\">Rada ds. Kompetecji<\/a>\t\t\t<\/span>\n\t\t\t<span class=\"meta-sep\">|<\/span>\n\t\t\t\t\t\t<span class=\"comments-link\">\n\t\t\t<span>Mo\u017cliwo\u015b\u0107 komentowania <span class=\"screen-reader-text\">Informacja o tworzeniu Sektorowej Rady ds. Kompetencji \u2013 Turystyka<\/span> zosta\u0142a wy\u0142\u0105czona<\/span>\t\t<\/span>\n\t\t\t<\/div>\n<\/div>\n<!-- \/\/ Post Wrap End -->\n\n<!-- NOTE: If you need to make changes to this file, copy it to your current theme's main\n\tdirectory so your changes won't be overwritten when the plugin is upgraded. -->\n\n<!-- Post Wrap Start-->\n<div class=\"post hentry ivycat-post\">\n\n\t<!-- \tThis outputs the post TITLE -->\n\t<h2 class=\"entry-title\"><a href=\"https:\/\/zptlewiatan.pl\/?p=1832\">DAO wspiera przedsi\u0119biorc\u00f3w<\/a><\/h2>\n\n\t<!-- \tThis outputs the post EXCERPT.  To display full content including images and html,\n\t\treplace the_excerpt(); with the_content();  below. -->\n\t<div class=\"entry-summary\">\n\t\t<p>W erze cyfrowej transformacji, Przedsi\u0119biorcza Polska DAO Biznesu wy\u0142ania si\u0119 jako pionierska si\u0142a nap\u0119dowa, umo\u017cliwiaj\u0105ca przedsi\u0119biorcom,&nbsp;rolnikom i osobom przedsi\u0119biorczym cyfrow\u0105 integracj\u0119, wsp\u00f3\u0142prac\u0119 i wsp\u00f3lne wp\u0142ywanie &hellip; <\/p>\n\t<\/div>\n\n\t<!--\tThis outputs the post META information -->\n\t<div class=\"entry-utility\">\n\t\t\t\t\t<span class=\"cat-links\">\n\t\t\t\t<span class=\"entry-utility-prep entry-utility-prep-cat-links\">Posted in<\/span> <a href=\"https:\/\/zptlewiatan.pl\/?cat=3\" rel=\"category\">Aktualno\u015bci<\/a>\t\t\t<\/span>\n\t\t\t<span class=\"meta-sep\">|<\/span>\n\t\t\t\t\t\t<span class=\"comments-link\">\n\t\t\t<span>Mo\u017cliwo\u015b\u0107 komentowania <span class=\"screen-reader-text\">DAO wspiera przedsi\u0119biorc\u00f3w<\/span> zosta\u0142a wy\u0142\u0105czona<\/span>\t\t<\/span>\n\t\t\t<\/div>\n<\/div>\n<!-- \/\/ Post Wrap End -->\n\n<!-- NOTE: If you need to make changes to this file, copy it to your current theme's main\n\tdirectory so your changes won't be overwritten when the plugin is upgraded. -->\n\n<!-- Post Wrap Start-->\n<div class=\"post hentry ivycat-post\">\n\n\t<!-- \tThis outputs the post TITLE -->\n\t<h2 class=\"entry-title\"><a href=\"https:\/\/zptlewiatan.pl\/?p=1817\">Powstanie \u201eBran\u017cowe Centrum Umiej\u0119tno\u015bci w dziedzinie turystyka\u201d<\/a><\/h2>\n\n\t<!-- \tThis outputs the post EXCERPT.  To display full content including images and html,\n\t\treplace the_excerpt(); with the_content();  below. -->\n\t<div class=\"entry-summary\">\n\t\t<p>W dniu 15 listopada 2024 roku w Starostwie Powiatowym w Drawsku Pomorskim podpisana zosta\u0142a umowa partnerska na rzecz realizacji projektu: \u201eBran\u017cowe Centrum Umiej\u0119tno\u015bci w dziedzinie &hellip; <\/p>\n\t<\/div>\n\n\t<!--\tThis outputs the post META information -->\n\t<div class=\"entry-utility\">\n\t\t\t\t\t<span class=\"cat-links\">\n\t\t\t\t<span class=\"entry-utility-prep entry-utility-prep-cat-links\">Posted in<\/span> <a href=\"https:\/\/zptlewiatan.pl\/?cat=3\" rel=\"category\">Aktualno\u015bci<\/a>\t\t\t<\/span>\n\t\t\t<span class=\"meta-sep\">|<\/span>\n\t\t\t\t\t\t<span class=\"comments-link\">\n\t\t\t<span>Mo\u017cliwo\u015b\u0107 komentowania <span class=\"screen-reader-text\">Powstanie \u201eBran\u017cowe Centrum Umiej\u0119tno\u015bci w dziedzinie turystyka\u201d<\/span> zosta\u0142a wy\u0142\u0105czona<\/span>\t\t<\/span>\n\t\t\t<\/div>\n<\/div>\n<!-- \/\/ Post Wrap End -->\n\n<!-- NOTE: If you need to make changes to this file, copy it to your current theme's main\n\tdirectory so your changes won't be overwritten when the plugin is upgraded. -->\n\n<!-- Post Wrap Start-->\n<div class=\"post hentry ivycat-post\">\n\n\t<!-- \tThis outputs the post TITLE -->\n\t<h2 class=\"entry-title\"><a href=\"https:\/\/zptlewiatan.pl\/?p=1803\">Walne Zgromadzenie Cz\u0142onk\u00f3w ZPT Lewiatan<\/a><\/h2>\n\n\t<!-- \tThis outputs the post EXCERPT.  To display full content including images and html,\n\t\treplace the_excerpt(); with the_content();  below. -->\n\t<div class=\"entry-summary\">\n\t\t<p>W lipcu w siedzibie POT odby\u0142o si\u0119 walne zgromadzenie cz\u0142onk\u00f3w Zwi\u0105zku. Delegaci dokonali wyboru domach w\u0142adz ZPT Lewiatan. Przewodnicz\u0105cym &#8211; na kolejn\u0105 kadencj\u0119 wybrany zosta\u0142 &hellip; <\/p>\n\t<\/div>\n\n\t<!--\tThis outputs the post META information -->\n\t<div class=\"entry-utility\">\n\t\t\t\t\t<span class=\"cat-links\">\n\t\t\t\t<span class=\"entry-utility-prep entry-utility-prep-cat-links\">Posted in<\/span> <a href=\"https:\/\/zptlewiatan.pl\/?cat=1\" rel=\"category\">Bez kategorii<\/a>\t\t\t<\/span>\n\t\t\t<span class=\"meta-sep\">|<\/span>\n\t\t\t\t\t\t<span class=\"comments-link\">\n\t\t\t<span>Mo\u017cliwo\u015b\u0107 komentowania <span class=\"screen-reader-text\">Walne Zgromadzenie Cz\u0142onk\u00f3w ZPT Lewiatan<\/span> zosta\u0142a wy\u0142\u0105czona<\/span>\t\t<\/span>\n\t\t\t<\/div>\n<\/div>\n<!-- \/\/ Post Wrap End -->\n\n<!-- NOTE: If you need to make changes to this file, copy it to your current theme's main\n\tdirectory so your changes won't be overwritten when the plugin is upgraded. -->\n\n<!-- Post Wrap Start-->\n<div class=\"post hentry ivycat-post\">\n\n\t<!-- \tThis outputs the post TITLE -->\n\t<h2 class=\"entry-title\"><a href=\"https:\/\/zptlewiatan.pl\/?p=1798\">Publikacja podsumowuj\u0105ca dzia\u0142ania Sektorowej Rady ds. Kompetencji Turystyka<\/a><\/h2>\n\n\t<!-- \tThis outputs the post EXCERPT.  To display full content including images and html,\n\t\treplace the_excerpt(); with the_content();  below. -->\n\t<div class=\"entry-summary\">\n\t\t<p>Zapraszamy do pobierania najnowszej publikacji, w kt\u00f3rej podsumowujemy dzia\u0142ania Sektorowej Rady ds. Kompetencji Turystyka w latach 2016-2023<\/p>\n\t<\/div>\n\n\t<!--\tThis outputs the post META information -->\n\t<div class=\"entry-utility\">\n\t\t\t\t\t<span class=\"cat-links\">\n\t\t\t\t<span class=\"entry-utility-prep entry-utility-prep-cat-links\">Posted in<\/span> <a href=\"https:\/\/zptlewiatan.pl\/?cat=3\" rel=\"category\">Aktualno\u015bci<\/a>, <a href=\"https:\/\/zptlewiatan.pl\/?cat=5\" rel=\"category\">Rada ds. Kompetecji<\/a>\t\t\t<\/span>\n\t\t\t<span class=\"meta-sep\">|<\/span>\n\t\t\t\t\t\t<span class=\"comments-link\">\n\t\t\t<span>Mo\u017cliwo\u015b\u0107 komentowania <span class=\"screen-reader-text\">Publikacja podsumowuj\u0105ca dzia\u0142ania Sektorowej Rady ds. Kompetencji Turystyka<\/span> zosta\u0142a wy\u0142\u0105czona<\/span>\t\t<\/span>\n\t\t\t<\/div>\n<\/div>\n<!-- \/\/ Post Wrap End -->\n\n<!-- NOTE: If you need to make changes to this file, copy it to your current theme's main\n\tdirectory so your changes won't be overwritten when the plugin is upgraded. -->\n\n<!-- Post Wrap Start-->\n<div class=\"post hentry ivycat-post\">\n\n\t<!-- \tThis outputs the post TITLE -->\n\t<h2 class=\"entry-title\"><a href=\"https:\/\/zptlewiatan.pl\/?p=1796\">PARP wy\u0142oni\u0142a laureat\u00f3w konkursu \u201ePracodawca Jutra\u201d<\/a><\/h2>\n\n\t<!-- \tThis outputs the post EXCERPT.  To display full content including images and html,\n\t\treplace the_excerpt(); with the_content();  below. -->\n\t<div class=\"entry-summary\">\n\t\t<p>Polska Agencja Rozwoju Przedsi\u0119biorczo\u015bci rozstrzygn\u0119\u0142a VII edycj\u0119 konkursu \u201ePracodawca Jutra\u201d, maj\u0105cego na celu wyr\u00f3\u017cnienie i promowanie podmiot\u00f3w, kt\u00f3re realizuj\u0105 modelowe inicjatywy edukacyjne z zakresu wsp\u00f3\u0142pracy &hellip; <\/p>\n\t<\/div>\n\n\t<!--\tThis outputs the post META information -->\n\t<div class=\"entry-utility\">\n\t\t\t\t\t<span class=\"cat-links\">\n\t\t\t\t<span class=\"entry-utility-prep entry-utility-prep-cat-links\">Posted in<\/span> <a href=\"https:\/\/zptlewiatan.pl\/?cat=3\" rel=\"category\">Aktualno\u015bci<\/a>\t\t\t<\/span>\n\t\t\t<span class=\"meta-sep\">|<\/span>\n\t\t\t\t\t\t<span class=\"comments-link\">\n\t\t\t<span>Mo\u017cliwo\u015b\u0107 komentowania <span class=\"screen-reader-text\">PARP wy\u0142oni\u0142a laureat\u00f3w konkursu \u201ePracodawca Jutra\u201d<\/span> zosta\u0142a wy\u0142\u0105czona<\/span>\t\t<\/span>\n\t\t\t<\/div>\n<\/div>\n<!-- \/\/ Post Wrap End -->\n\n<!-- NOTE: If you need to make changes to this file, copy it to your current theme's main\n\tdirectory so your changes won't be overwritten when the plugin is upgraded. -->\n\n<!-- Post Wrap Start-->\n<div class=\"post hentry ivycat-post\">\n\n\t<!-- \tThis outputs the post TITLE -->\n\t<h2 class=\"entry-title\"><a href=\"https:\/\/zptlewiatan.pl\/?p=1776\">Konferencja podsumowuj\u0105ca dzia\u0142alno\u015b\u0107 Rady<\/a><\/h2>\n\n\t<!-- \tThis outputs the post EXCERPT.  To display full content including images and html,\n\t\treplace the_excerpt(); with the_content();  below. -->\n\t<div class=\"entry-summary\">\n\t\t<p>25. wrze\u015bnia w siedzibie Szko\u0142y G\u0142\u00f3wnej Handlowej odby\u0142a si\u0119 konferencja naukowa podsumowuj\u0105ca dzia\u0142alno\u015b\u0107 Sektorowej Rady ds. Kompetencji Turystyka w latach 2016-2023. By\u0142a to te\u017c okazja &hellip; <\/p>\n\t<\/div>\n\n\t<!--\tThis outputs the post META information -->\n\t<div class=\"entry-utility\">\n\t\t\t\t\t<span class=\"cat-links\">\n\t\t\t\t<span class=\"entry-utility-prep entry-utility-prep-cat-links\">Posted in<\/span> <a href=\"https:\/\/zptlewiatan.pl\/?cat=3\" rel=\"category\">Aktualno\u015bci<\/a>, <a href=\"https:\/\/zptlewiatan.pl\/?cat=5\" rel=\"category\">Rada ds. Kompetecji<\/a>\t\t\t<\/span>\n\t\t\t<span class=\"meta-sep\">|<\/span>\n\t\t\t\t\t\t<span class=\"comments-link\">\n\t\t\t<span>Mo\u017cliwo\u015b\u0107 komentowania <span class=\"screen-reader-text\">Konferencja podsumowuj\u0105ca dzia\u0142alno\u015b\u0107 Rady<\/span> zosta\u0142a wy\u0142\u0105czona<\/span>\t\t<\/span>\n\t\t\t<\/div>\n<\/div>\n<!-- \/\/ Post Wrap End -->\n\n<!-- NOTE: If you need to make changes to this file, copy it to your current theme's main\n\tdirectory so your changes won't be overwritten when the plugin is upgraded. -->\n\n<!-- Post Wrap Start-->\n<div class=\"post hentry ivycat-post\">\n\n\t<!-- \tThis outputs the post TITLE -->\n\t<h2 class=\"entry-title\"><a href=\"https:\/\/zptlewiatan.pl\/?p=1769\">ZAPYTANIE DOTYCZ\u0104CE ROZEZNANIA RYNKU Nr 3\/2023<\/a><\/h2>\n\n\t<!-- \tThis outputs the post EXCERPT.  To display full content including images and html,\n\t\treplace the_excerpt(); with the_content();  below. -->\n\t<div class=\"entry-summary\">\n\t\t<p>Zwi\u0105zek Pracodawc\u00f3w Turystyki Lewiatan, w ramach projektu&nbsp;\u201eSektorowa Rada ds. Kompetencji Turystyki\u201d,&nbsp;wsp\u00f3\u0142finansowanego ze \u015brodk\u00f3w Unii Europejskiej w ramach Europejskiego Funduszu Spo\u0142ecznego na podstawie umowy nr&nbsp;UDA-POWR.02.12.00-00-0010\/16-00, przesy\u0142a&nbsp;zapytanie&nbsp;&nbsp;&nbsp;&nbsp;&nbsp;&nbsp;&nbsp;&nbsp;&nbsp;&nbsp;&nbsp;&nbsp;&nbsp;&nbsp;&nbsp;&nbsp;&nbsp;&nbsp;&nbsp;&nbsp;o &hellip; <\/p>\n\t<\/div>\n\n\t<!--\tThis outputs the post META information -->\n\t<div class=\"entry-utility\">\n\t\t\t\t\t<span class=\"cat-links\">\n\t\t\t\t<span class=\"entry-utility-prep entry-utility-prep-cat-links\">Posted in<\/span> <a href=\"https:\/\/zptlewiatan.pl\/?cat=3\" rel=\"category\">Aktualno\u015bci<\/a>, <a href=\"https:\/\/zptlewiatan.pl\/?cat=5\" rel=\"category\">Rada ds. Kompetecji<\/a>\t\t\t<\/span>\n\t\t\t<span class=\"meta-sep\">|<\/span>\n\t\t\t\t\t\t<span class=\"comments-link\">\n\t\t\t<span>Mo\u017cliwo\u015b\u0107 komentowania <span class=\"screen-reader-text\">ZAPYTANIE DOTYCZ\u0104CE ROZEZNANIA RYNKU Nr 3\/2023<\/span> zosta\u0142a wy\u0142\u0105czona<\/span>\t\t<\/span>\n\t\t\t<\/div>\n<\/div>\n<!-- \/\/ Post Wrap End -->\n\n<!-- NOTE: If you need to make changes to this file, copy it to your current theme's main\n\tdirectory so your changes won't be overwritten when the plugin is upgraded. -->\n\n<!-- Post Wrap Start-->\n<div class=\"post hentry ivycat-post\">\n\n\t<!-- \tThis outputs the post TITLE -->\n\t<h2 class=\"entry-title\"><a href=\"https:\/\/zptlewiatan.pl\/?p=1767\">Pracodawca Jutra &#8211; d\u0142u\u017cszy czas przyjmowania wniosk\u00f3w<\/a><\/h2>\n\n\t<!-- \tThis outputs the post EXCERPT.  To display full content including images and html,\n\t\treplace the_excerpt(); with the_content();  below. -->\n\t<div class=\"entry-summary\">\n\t\t<p>Polska Agencja Rozwoju Przedsi\u0119biorczo\u015bci wyd\u0142u\u017ca nab\u00f3r do si\u00f3dmej edycji konkursu Pracodawca Jutra. Celem konkursu jest wyr\u00f3\u017cnienie i promowanie podmiot\u00f3w, kt\u00f3re realizuj\u0105 modelowe inicjatywy edukacyjne\u00a0z zakresu &hellip; <\/p>\n\t<\/div>\n\n\t<!--\tThis outputs the post META information -->\n\t<div class=\"entry-utility\">\n\t\t\t\t\t<span class=\"cat-links\">\n\t\t\t\t<span class=\"entry-utility-prep entry-utility-prep-cat-links\">Posted in<\/span> <a href=\"https:\/\/zptlewiatan.pl\/?cat=3\" rel=\"category\">Aktualno\u015bci<\/a>, <a href=\"https:\/\/zptlewiatan.pl\/?cat=5\" rel=\"category\">Rada ds. Kompetecji<\/a>, <a href=\"https:\/\/zptlewiatan.pl\/?cat=6\" rel=\"category\">ZPPT Lewiatan<\/a>\t\t\t<\/span>\n\t\t\t<span class=\"meta-sep\">|<\/span>\n\t\t\t\t\t\t<span class=\"comments-link\">\n\t\t\t<span>Mo\u017cliwo\u015b\u0107 komentowania <span class=\"screen-reader-text\">Pracodawca Jutra &#8211; d\u0142u\u017cszy czas przyjmowania wniosk\u00f3w<\/span> zosta\u0142a wy\u0142\u0105czona<\/span>\t\t<\/span>\n\t\t\t<\/div>\n<\/div>\n<!-- \/\/ Post Wrap End -->\n\n","protected":false},"excerpt":{"rendered":"<p>Co nowego w Radzie [ic_add_posts category=&#8217;Rada ds. Kompetecji&#8217;]<\/p>\n","protected":false},"author":2,"featured_media":612,"parent":0,"menu_order":6,"comment_status":"closed","ping_status":"closed","template":"","meta":{"jetpack_post_was_ever_published":false,"footnotes":""},"class_list":["post-13","page","type-page","status-publish","has-post-thumbnail","hentry"],"yoast_head":"<!-- This site is optimized with the Yoast SEO plugin v20.1 - https:\/\/yoast.com\/wordpress\/plugins\/seo\/ -->\n<title>Rada ds. Kompetencji sektora turystyki - Zwi\u0105zek Pracodawc\u00f3w Turystyki Lewiatan<\/title>\n<meta name=\"robots\" content=\"index, follow, max-snippet:-1, max-image-preview:large, max-video-preview:-1\" \/>\n<link rel=\"canonical\" href=\"http:\/\/zptlewiatan.pl\/?page_id=13\" \/>\n<meta property=\"og:locale\" content=\"pl_PL\" \/>\n<meta property=\"og:type\" content=\"article\" \/>\n<meta property=\"og:title\" content=\"Rada ds. Kompetencji sektora turystyki - Zwi\u0105zek Pracodawc\u00f3w Turystyki Lewiatan\" \/>\n<meta property=\"og:description\" content=\"Co nowego w Radzie\" \/>\n<meta property=\"og:url\" content=\"http:\/\/zptlewiatan.pl\/?page_id=13\" \/>\n<meta property=\"og:site_name\" content=\"Zwi\u0105zek Pracodawc\u00f3w Turystyki Lewiatan\" \/>\n<meta property=\"article:modified_time\" content=\"2021-03-30T06:41:10+00:00\" \/>\n<meta property=\"og:image\" content=\"http:\/\/zptlewiatan.pl\/wp-content\/uploads\/2018\/06\/Sektorowa-Rada-ds-Kompetencji-Turystyka-RGB-duze.jpg\" \/>\n\t<meta property=\"og:image:width\" content=\"2548\" \/>\n\t<meta property=\"og:image:height\" content=\"1248\" \/>\n\t<meta property=\"og:image:type\" content=\"image\/jpeg\" \/>\n<meta name=\"twitter:card\" content=\"summary_large_image\" \/>\n<script type=\"application\/ld+json\" class=\"yoast-schema-graph\">{\"@context\":\"https:\/\/schema.org\",\"@graph\":[{\"@type\":\"WebPage\",\"@id\":\"http:\/\/zptlewiatan.pl\/?page_id=13\",\"url\":\"http:\/\/zptlewiatan.pl\/?page_id=13\",\"name\":\"Rada ds. Kompetencji sektora turystyki - Zwi\u0105zek Pracodawc\u00f3w Turystyki Lewiatan\",\"isPartOf\":{\"@id\":\"https:\/\/zptlewiatan.pl\/#website\"},\"datePublished\":\"2016-12-11T14:58:03+00:00\",\"dateModified\":\"2021-03-30T06:41:10+00:00\",\"breadcrumb\":{\"@id\":\"http:\/\/zptlewiatan.pl\/?page_id=13#breadcrumb\"},\"inLanguage\":\"pl-PL\",\"potentialAction\":[{\"@type\":\"ReadAction\",\"target\":[\"http:\/\/zptlewiatan.pl\/?page_id=13\"]}]},{\"@type\":\"BreadcrumbList\",\"@id\":\"http:\/\/zptlewiatan.pl\/?page_id=13#breadcrumb\",\"itemListElement\":[{\"@type\":\"ListItem\",\"position\":1,\"name\":\"Strona g\u0142\u00f3wna\",\"item\":\"https:\/\/zptlewiatan.pl\/\"},{\"@type\":\"ListItem\",\"position\":2,\"name\":\"Rada ds. Kompetencji sektora turystyki\"}]},{\"@type\":\"WebSite\",\"@id\":\"https:\/\/zptlewiatan.pl\/#website\",\"url\":\"https:\/\/zptlewiatan.pl\/\",\"name\":\"Zwi\u0105zek Pracodawc\u00f3w Turystyki Lewiatan\",\"description\":\"\",\"publisher\":{\"@id\":\"https:\/\/zptlewiatan.pl\/#organization\"},\"potentialAction\":[{\"@type\":\"SearchAction\",\"target\":{\"@type\":\"EntryPoint\",\"urlTemplate\":\"https:\/\/zptlewiatan.pl\/?s={search_term_string}\"},\"query-input\":\"required name=search_term_string\"}],\"inLanguage\":\"pl-PL\"},{\"@type\":\"Organization\",\"@id\":\"https:\/\/zptlewiatan.pl\/#organization\",\"name\":\"Zwi\u0105zek Pracodawc\u00f3w Turystyki Lewiatan\",\"url\":\"https:\/\/zptlewiatan.pl\/\",\"logo\":{\"@type\":\"ImageObject\",\"inLanguage\":\"pl-PL\",\"@id\":\"https:\/\/zptlewiatan.pl\/#\/schema\/logo\/image\/\",\"url\":\"https:\/\/zptlewiatan.pl\/wp-content\/uploads\/2016\/12\/cropped-Lewiatan_turystyka-male-e1579985180872.jpg\",\"contentUrl\":\"https:\/\/zptlewiatan.pl\/wp-content\/uploads\/2016\/12\/cropped-Lewiatan_turystyka-male-e1579985180872.jpg\",\"width\":278,\"height\":90,\"caption\":\"Zwi\u0105zek Pracodawc\u00f3w Turystyki Lewiatan\"},\"image\":{\"@id\":\"https:\/\/zptlewiatan.pl\/#\/schema\/logo\/image\/\"}}]}<\/script>\n<!-- \/ Yoast SEO plugin. -->","yoast_head_json":{"title":"Rada ds. Kompetencji sektora turystyki - Zwi\u0105zek Pracodawc\u00f3w Turystyki Lewiatan","robots":{"index":"index","follow":"follow","max-snippet":"max-snippet:-1","max-image-preview":"max-image-preview:large","max-video-preview":"max-video-preview:-1"},"canonical":"http:\/\/zptlewiatan.pl\/?page_id=13","og_locale":"pl_PL","og_type":"article","og_title":"Rada ds. Kompetencji sektora turystyki - Zwi\u0105zek Pracodawc\u00f3w Turystyki Lewiatan","og_description":"Co nowego w Radzie","og_url":"http:\/\/zptlewiatan.pl\/?page_id=13","og_site_name":"Zwi\u0105zek Pracodawc\u00f3w Turystyki Lewiatan","article_modified_time":"2021-03-30T06:41:10+00:00","og_image":[{"width":2548,"height":1248,"url":"http:\/\/zptlewiatan.pl\/wp-content\/uploads\/2018\/06\/Sektorowa-Rada-ds-Kompetencji-Turystyka-RGB-duze.jpg","type":"image\/jpeg"}],"twitter_card":"summary_large_image","schema":{"@context":"https:\/\/schema.org","@graph":[{"@type":"WebPage","@id":"http:\/\/zptlewiatan.pl\/?page_id=13","url":"http:\/\/zptlewiatan.pl\/?page_id=13","name":"Rada ds. Kompetencji sektora turystyki - Zwi\u0105zek Pracodawc\u00f3w Turystyki Lewiatan","isPartOf":{"@id":"https:\/\/zptlewiatan.pl\/#website"},"datePublished":"2016-12-11T14:58:03+00:00","dateModified":"2021-03-30T06:41:10+00:00","breadcrumb":{"@id":"http:\/\/zptlewiatan.pl\/?page_id=13#breadcrumb"},"inLanguage":"pl-PL","potentialAction":[{"@type":"ReadAction","target":["http:\/\/zptlewiatan.pl\/?page_id=13"]}]},{"@type":"BreadcrumbList","@id":"http:\/\/zptlewiatan.pl\/?page_id=13#breadcrumb","itemListElement":[{"@type":"ListItem","position":1,"name":"Strona g\u0142\u00f3wna","item":"https:\/\/zptlewiatan.pl\/"},{"@type":"ListItem","position":2,"name":"Rada ds. Kompetencji sektora turystyki"}]},{"@type":"WebSite","@id":"https:\/\/zptlewiatan.pl\/#website","url":"https:\/\/zptlewiatan.pl\/","name":"Zwi\u0105zek Pracodawc\u00f3w Turystyki Lewiatan","description":"","publisher":{"@id":"https:\/\/zptlewiatan.pl\/#organization"},"potentialAction":[{"@type":"SearchAction","target":{"@type":"EntryPoint","urlTemplate":"https:\/\/zptlewiatan.pl\/?s={search_term_string}"},"query-input":"required name=search_term_string"}],"inLanguage":"pl-PL"},{"@type":"Organization","@id":"https:\/\/zptlewiatan.pl\/#organization","name":"Zwi\u0105zek Pracodawc\u00f3w Turystyki Lewiatan","url":"https:\/\/zptlewiatan.pl\/","logo":{"@type":"ImageObject","inLanguage":"pl-PL","@id":"https:\/\/zptlewiatan.pl\/#\/schema\/logo\/image\/","url":"https:\/\/zptlewiatan.pl\/wp-content\/uploads\/2016\/12\/cropped-Lewiatan_turystyka-male-e1579985180872.jpg","contentUrl":"https:\/\/zptlewiatan.pl\/wp-content\/uploads\/2016\/12\/cropped-Lewiatan_turystyka-male-e1579985180872.jpg","width":278,"height":90,"caption":"Zwi\u0105zek Pracodawc\u00f3w Turystyki Lewiatan"},"image":{"@id":"https:\/\/zptlewiatan.pl\/#\/schema\/logo\/image\/"}}]}},"jetpack_sharing_enabled":true,"jetpack_shortlink":"https:\/\/wp.me\/PaFHNI-d","_links":{"self":[{"href":"https:\/\/zptlewiatan.pl\/index.php?rest_route=\/wp\/v2\/pages\/13","targetHints":{"allow":["GET"]}}],"collection":[{"href":"https:\/\/zptlewiatan.pl\/index.php?rest_route=\/wp\/v2\/pages"}],"about":[{"href":"https:\/\/zptlewiatan.pl\/index.php?rest_route=\/wp\/v2\/types\/page"}],"author":[{"embeddable":true,"href":"https:\/\/zptlewiatan.pl\/index.php?rest_route=\/wp\/v2\/users\/2"}],"replies":[{"embeddable":true,"href":"https:\/\/zptlewiatan.pl\/index.php?rest_route=%2Fwp%2Fv2%2Fcomments&post=13"}],"version-history":[{"count":0,"href":"https:\/\/zptlewiatan.pl\/index.php?rest_route=\/wp\/v2\/pages\/13\/revisions"}],"wp:featuredmedia":[{"embeddable":true,"href":"https:\/\/zptlewiatan.pl\/index.php?rest_route=\/wp\/v2\/media\/612"}],"wp:attachment":[{"href":"https:\/\/zptlewiatan.pl\/index.php?rest_route=%2Fwp%2Fv2%2Fmedia&parent=13"}],"curies":[{"name":"wp","href":"https:\/\/api.w.org\/{rel}","templated":true}]}}