{"id":112,"date":"2017-01-30T22:55:14","date_gmt":"2017-01-30T21:55:14","guid":{"rendered":"http:\/\/serwer-ekredytobiorca.home.pl\/wp-temp\/?page_id=112"},"modified":"2025-09-20T20:38:32","modified_gmt":"2025-09-20T18:38:32","slug":"o-projekcie","status":"publish","type":"page","link":"https:\/\/zptlewiatan.pl\/?page_id=112","title":{"rendered":"O projekcie"},"content":{"rendered":"<!-- VideographyWP Plugin Message: Automatic video embedding prevented by plugin options. -->\n\n<p><strong>Forum Turystyki Region\u00f3w&nbsp;<\/strong>(lider)&nbsp;wraz z instytucjami wsp\u00f3\u0142pracuj\u0105cymi:<strong>&nbsp;Zwi\u0105zkiem Pracodawc\u00f3w Turystyki Lewiatan&nbsp;<\/strong>(partner)<strong>&nbsp;<\/strong>oraz<strong>&nbsp;Izb\u0105 Turystyki Rzeczypospolitej Polskiej&nbsp;<\/strong>(partner)<strong>&nbsp;<\/strong>rozpocz\u0119li&nbsp;realizacj\u0119&nbsp;zadania&nbsp;organizacji i prowadzenia<strong>&nbsp;Sektorowej Rady ds. Kompetencji \u2013 Turystyka<\/strong><strong>&nbsp;<\/strong>do ko\u0144ca&nbsp;2029r..&nbsp;<\/p>\n\n\n\n<p><strong>Opis projektu:<\/strong><\/p>\n\n\n\n<p>Projekt zak\u0142ada prowadzenie dzia\u0142a\u0144 Sektorowej Rady ds. Kompetencji w obszarze TURYSTYKA w latach 2025\u20132029 &#8211; eksperckiego cia\u0142a dzia\u0142aj\u0105cego na rzecz systemowego rozwoju kompetencji w tej bran\u017cy. Rada realizowa\u0107 b\u0119dzie zadania powierzone przez Polsk\u0105 Agencj\u0119 Rozwoju Przedsi\u0119biorczo\u015bci, stanowi\u0105c istotne ogniwo \u0142\u0105cz\u0105ce \u015brodowiska edukacji, biznesu, administracji i rynku pracy. Jej dzia\u0142ania maj\u0105 na celu identyfikacj\u0119 luk kompetencyjnych i potrzeb rozwojowych sektora, wspieranie mechanizm\u00f3w uczenia si\u0119 przez ca\u0142e \u017cycie (w tym w miejscu pracy), a tak\u017ce wzmacnianie wsp\u00f3\u0142pracy mi\u0119dzy przedsi\u0119biorcami a instytucjami edukacyjnymi.<\/p>\n\n\n\n<p><strong>Okres realizacji projektu:<\/strong>&nbsp;od 01.01.2025 r. do 31.12.2029 r.<\/p>\n\n\n\n<p><strong>Obszar realizacji projektu:<\/strong>&nbsp;ca\u0142a Polska<\/p>\n\n\n\n<p><strong>Biuro projektu:<\/strong>&nbsp;&nbsp;ul.&nbsp;Broniewskiego 12, 71-460&nbsp;Szczecin<\/p>\n\n\n\n<p><strong>Kontakt:<\/strong>&nbsp;telefon&nbsp;<strong>+48 91 488 00 50<\/strong>, e-mail:&nbsp;<strong>forum@forumturystyki.pl<\/strong><\/p>\n\n\n\n<p><strong>Cel projektu:<\/strong>&nbsp;Celem projektu jest dostosowanie systemu edukacji do potrzeb rynku pracy w sektorze turystyki poprzez realizacj\u0119 co najmniej nast\u0119puj\u0105cych zada\u0144:<\/p>\n\n\n\n<p>\u2022&nbsp;prowadzenie monitoringu i identyfikacji potrzeb kwalifikacyjno-zawodowych w sektorze turystyki, m.in. poprzez badania ilo\u015bciowe i jako\u015bciowe, analizy trend\u00f3w rynkowych, mapowanie kompetencji, konsultacje z bran\u017c\u0105, itp.<\/p>\n\n\n\n<p>\u2022&nbsp;wydawanie i aktualizowanie rekomendacji w zakresie dostosowania kadr do potrzeb gospodarki jako narz\u0119dzi dialogu edukacja\u2013biznes, m.in poprzez opracowywanie i konsultacje rekomendacji, kwalifikacji i standard\u00f3w oraz wsparcia dla tworzenia i modyfikowania program\u00f3w nauczania, szkole\u0144 i certyfikacji,<\/p>\n\n\n\n<p>\u2022&nbsp;identyfikacji dzia\u0142a\u0144 s\u0142u\u017c\u0105cych pozyskaniu poszukiwanych kompetencji \u2013 we wsp\u00f3\u0142pracy z administracj\u0105 publiczn\u0105 (co najmniej na poziomie wojew\u00f3dztwa), organizacjami przedsi\u0119biorc\u00f3w i instytucjami edukacyjnymi, a tak\u017ce animowanie wsp\u00f3\u0142pracy pomi\u0119dzy tymi podmiotami,<\/p>\n\n\n\n<p>\u2022&nbsp;wsp\u00f3\u0142praca z Bran\u017cowym Centrum Umiej\u0119tno\u015bci dla sektora turystyki oraz przedsi\u0119biorcami, organizacjami rynku pracy, administracj\u0105, plac\u00f3wkami edukacyjnymi, itp.<\/p>\n\n\n\n<p>\u2022&nbsp;realizacje dzia\u0142a\u0144 edukacyjno-upowszechniaj\u0105cych, w tym kampanii informacyjnych, poprzez utworzenie i prowadzenie platform komunikacji (np. strona www, newsletter,&nbsp;social&nbsp;media, itp.)&nbsp;webinar\u00f3w, publikacji eksperckich, paneli bran\u017cowych oraz tworzenie i publikacj\u0119 nowoczesnych materia\u0142\u00f3w cyfrowych.<\/p>\n\n\n\n<p>Projekt realizowany b\u0119dzie w partnerstwie trzech organizacji o silnej og\u00f3lnopolskiej pozycji w bran\u017cy: Forum Turystyki Region\u00f3w (wnioskodawca), Zwi\u0105zku Pracodawc\u00f3w Turystyki Lewiatan (partner) oraz Izby Turystyki Rzeczpospolitej Polskiej (partner). Ka\u017cdy z podmiot\u00f3w odpowiada za realizacj\u0119 okre\u015blonego zakresu zada\u0144, zgodnie ze swoim do\u015bwiadczeniem w zakresie zarz\u0105dzania, diagnozy kompetencyjnej oraz reprezentowania interes\u00f3w \u015brodowisk bran\u017cowych. Projekt w pe\u0142ni realizuje cele dzia\u0142ania 01.10 FERS , wspieraj\u0105c uczenie si\u0119 przez ca\u0142e \u017cycie, wzmacniaj\u0105c elastyczne mo\u017cliwo\u015bci podnoszenia kwalifikacji, rozw\u00f3j kompetencji cyfrowych i przedsi\u0119biorczych oraz buduj\u0105c trwa\u0142e mechanizmy wsp\u00f3\u0142pracy edukacji i gospodarki w sektorze turystyki.<\/p>\n\n\n\n<p>Dzia\u0142anie realizowane jest zgodnie z nast\u0119puj\u0105cymi przepisami prawa powszechnie obowi\u0105zuj\u0105cego:&nbsp;<\/p>\n\n\n\n<p>1) ustaw\u0105 z dnia 9 listopada 2000 r. o utworzeniu Polskiej Agencji Rozwoju Przedsi\u0119biorczo\u015bci (Dz. U. z 2024 r. poz. 419), zwan\u0105 dalej: \u201eustaw\u0105 o PARP\u201d;&nbsp;<\/p>\n\n\n\n<p>2) ustaw\u0105 z dnia 14 grudnia 2016 r. Prawo o\u015bwiatowe (Dz. U. z 2023 r. poz. 900 z&nbsp;p\u00f3\u017an. zm.), zwan\u0105 dalej \u201eustaw\u0105 Prawo o\u015bwiatowe\u201d;&nbsp;<\/p>\n\n\n\n<p>3 ) ustaw\u0105 z dnia 22 grudnia 2015 r. o Zintegrowanym Systemie Kwalifikacji (Dz. U. z 2020 r. poz. 226), zwan\u0105 dalej \u201eustaw\u0105 o Zintegrowanym Systemie Kwalifikacji\u201d.&nbsp;<\/p>\n","protected":false},"excerpt":{"rendered":"<p>Forum Turystyki Region\u00f3w&nbsp;(lider)&nbsp;wraz z instytucjami wsp\u00f3\u0142pracuj\u0105cymi:&nbsp;Zwi\u0105zkiem Pracodawc\u00f3w Turystyki Lewiatan&nbsp;(partner)&nbsp;oraz&nbsp;Izb\u0105 Turystyki Rzeczypospolitej Polskiej&nbsp;(partner)&nbsp;rozpocz\u0119li&nbsp;realizacj\u0119&nbsp;zadania&nbsp;organizacji i prowadzenia&nbsp;Sektorowej Rady ds. Kompetencji \u2013 Turystyka&nbsp;do ko\u0144ca&nbsp;2029r..&nbsp; Opis projektu: Projekt zak\u0142ada prowadzenie &hellip; <\/p>\n","protected":false},"author":2,"featured_media":0,"parent":13,"menu_order":0,"comment_status":"closed","ping_status":"closed","template":"","meta":{"jetpack_post_was_ever_published":false,"footnotes":""},"class_list":["post-112","page","type-page","status-publish","hentry"],"yoast_head":"<!-- This site is optimized with the Yoast SEO plugin v20.1 - https:\/\/yoast.com\/wordpress\/plugins\/seo\/ -->\n<title>O projekcie - Zwi\u0105zek Pracodawc\u00f3w Turystyki Lewiatan<\/title>\n<meta name=\"robots\" content=\"index, follow, max-snippet:-1, max-image-preview:large, max-video-preview:-1\" \/>\n<link rel=\"canonical\" href=\"http:\/\/zptlewiatan.pl\/?page_id=112\" \/>\n<meta property=\"og:locale\" content=\"pl_PL\" \/>\n<meta property=\"og:type\" content=\"article\" \/>\n<meta property=\"og:title\" content=\"O projekcie - Zwi\u0105zek Pracodawc\u00f3w Turystyki Lewiatan\" \/>\n<meta property=\"og:description\" content=\"Forum Turystyki Region\u00f3w&nbsp;(lider)&nbsp;wraz z instytucjami wsp\u00f3\u0142pracuj\u0105cymi:&nbsp;Zwi\u0105zkiem Pracodawc\u00f3w Turystyki Lewiatan&nbsp;(partner)&nbsp;oraz&nbsp;Izb\u0105 Turystyki Rzeczypospolitej Polskiej&nbsp;(partner)&nbsp;rozpocz\u0119li&nbsp;realizacj\u0119&nbsp;zadania&nbsp;organizacji i prowadzenia&nbsp;Sektorowej Rady ds. Kompetencji \u2013 Turystyka&nbsp;do ko\u0144ca&nbsp;2029r..&nbsp; Opis projektu: Projekt zak\u0142ada prowadzenie &hellip;\" \/>\n<meta property=\"og:url\" content=\"http:\/\/zptlewiatan.pl\/?page_id=112\" \/>\n<meta property=\"og:site_name\" content=\"Zwi\u0105zek Pracodawc\u00f3w Turystyki Lewiatan\" \/>\n<meta property=\"article:modified_time\" content=\"2025-09-20T18:38:32+00:00\" \/>\n<meta name=\"twitter:card\" content=\"summary_large_image\" \/>\n<meta name=\"twitter:label1\" content=\"Szacowany czas czytania\" \/>\n\t<meta name=\"twitter:data1\" content=\"3 minuty\" \/>\n<script type=\"application\/ld+json\" class=\"yoast-schema-graph\">{\"@context\":\"https:\/\/schema.org\",\"@graph\":[{\"@type\":\"WebPage\",\"@id\":\"http:\/\/zptlewiatan.pl\/?page_id=112\",\"url\":\"http:\/\/zptlewiatan.pl\/?page_id=112\",\"name\":\"O projekcie - Zwi\u0105zek Pracodawc\u00f3w Turystyki Lewiatan\",\"isPartOf\":{\"@id\":\"https:\/\/zptlewiatan.pl\/#website\"},\"datePublished\":\"2017-01-30T21:55:14+00:00\",\"dateModified\":\"2025-09-20T18:38:32+00:00\",\"breadcrumb\":{\"@id\":\"http:\/\/zptlewiatan.pl\/?page_id=112#breadcrumb\"},\"inLanguage\":\"pl-PL\",\"potentialAction\":[{\"@type\":\"ReadAction\",\"target\":[\"http:\/\/zptlewiatan.pl\/?page_id=112\"]}]},{\"@type\":\"BreadcrumbList\",\"@id\":\"http:\/\/zptlewiatan.pl\/?page_id=112#breadcrumb\",\"itemListElement\":[{\"@type\":\"ListItem\",\"position\":1,\"name\":\"Strona g\u0142\u00f3wna\",\"item\":\"https:\/\/zptlewiatan.pl\/\"},{\"@type\":\"ListItem\",\"position\":2,\"name\":\"Rada ds. Kompetencji sektora turystyki\",\"item\":\"http:\/\/zptlewiatan.pl\/?page_id=13\"},{\"@type\":\"ListItem\",\"position\":3,\"name\":\"O projekcie\"}]},{\"@type\":\"WebSite\",\"@id\":\"https:\/\/zptlewiatan.pl\/#website\",\"url\":\"https:\/\/zptlewiatan.pl\/\",\"name\":\"Zwi\u0105zek Pracodawc\u00f3w Turystyki Lewiatan\",\"description\":\"\",\"publisher\":{\"@id\":\"https:\/\/zptlewiatan.pl\/#organization\"},\"potentialAction\":[{\"@type\":\"SearchAction\",\"target\":{\"@type\":\"EntryPoint\",\"urlTemplate\":\"https:\/\/zptlewiatan.pl\/?s={search_term_string}\"},\"query-input\":\"required name=search_term_string\"}],\"inLanguage\":\"pl-PL\"},{\"@type\":\"Organization\",\"@id\":\"https:\/\/zptlewiatan.pl\/#organization\",\"name\":\"Zwi\u0105zek Pracodawc\u00f3w Turystyki Lewiatan\",\"url\":\"https:\/\/zptlewiatan.pl\/\",\"logo\":{\"@type\":\"ImageObject\",\"inLanguage\":\"pl-PL\",\"@id\":\"https:\/\/zptlewiatan.pl\/#\/schema\/logo\/image\/\",\"url\":\"https:\/\/zptlewiatan.pl\/wp-content\/uploads\/2016\/12\/cropped-Lewiatan_turystyka-male-e1579985180872.jpg\",\"contentUrl\":\"https:\/\/zptlewiatan.pl\/wp-content\/uploads\/2016\/12\/cropped-Lewiatan_turystyka-male-e1579985180872.jpg\",\"width\":278,\"height\":90,\"caption\":\"Zwi\u0105zek Pracodawc\u00f3w Turystyki Lewiatan\"},\"image\":{\"@id\":\"https:\/\/zptlewiatan.pl\/#\/schema\/logo\/image\/\"}}]}<\/script>\n<!-- \/ Yoast SEO plugin. -->","yoast_head_json":{"title":"O projekcie - Zwi\u0105zek Pracodawc\u00f3w Turystyki Lewiatan","robots":{"index":"index","follow":"follow","max-snippet":"max-snippet:-1","max-image-preview":"max-image-preview:large","max-video-preview":"max-video-preview:-1"},"canonical":"http:\/\/zptlewiatan.pl\/?page_id=112","og_locale":"pl_PL","og_type":"article","og_title":"O projekcie - Zwi\u0105zek Pracodawc\u00f3w Turystyki Lewiatan","og_description":"Forum Turystyki Region\u00f3w&nbsp;(lider)&nbsp;wraz z instytucjami wsp\u00f3\u0142pracuj\u0105cymi:&nbsp;Zwi\u0105zkiem Pracodawc\u00f3w Turystyki Lewiatan&nbsp;(partner)&nbsp;oraz&nbsp;Izb\u0105 Turystyki Rzeczypospolitej Polskiej&nbsp;(partner)&nbsp;rozpocz\u0119li&nbsp;realizacj\u0119&nbsp;zadania&nbsp;organizacji i prowadzenia&nbsp;Sektorowej Rady ds. Kompetencji \u2013 Turystyka&nbsp;do ko\u0144ca&nbsp;2029r..&nbsp; Opis projektu: Projekt zak\u0142ada prowadzenie &hellip;","og_url":"http:\/\/zptlewiatan.pl\/?page_id=112","og_site_name":"Zwi\u0105zek Pracodawc\u00f3w Turystyki Lewiatan","article_modified_time":"2025-09-20T18:38:32+00:00","twitter_card":"summary_large_image","twitter_misc":{"Szacowany czas czytania":"3 minuty"},"schema":{"@context":"https:\/\/schema.org","@graph":[{"@type":"WebPage","@id":"http:\/\/zptlewiatan.pl\/?page_id=112","url":"http:\/\/zptlewiatan.pl\/?page_id=112","name":"O projekcie - Zwi\u0105zek Pracodawc\u00f3w Turystyki Lewiatan","isPartOf":{"@id":"https:\/\/zptlewiatan.pl\/#website"},"datePublished":"2017-01-30T21:55:14+00:00","dateModified":"2025-09-20T18:38:32+00:00","breadcrumb":{"@id":"http:\/\/zptlewiatan.pl\/?page_id=112#breadcrumb"},"inLanguage":"pl-PL","potentialAction":[{"@type":"ReadAction","target":["http:\/\/zptlewiatan.pl\/?page_id=112"]}]},{"@type":"BreadcrumbList","@id":"http:\/\/zptlewiatan.pl\/?page_id=112#breadcrumb","itemListElement":[{"@type":"ListItem","position":1,"name":"Strona g\u0142\u00f3wna","item":"https:\/\/zptlewiatan.pl\/"},{"@type":"ListItem","position":2,"name":"Rada ds. Kompetencji sektora turystyki","item":"http:\/\/zptlewiatan.pl\/?page_id=13"},{"@type":"ListItem","position":3,"name":"O projekcie"}]},{"@type":"WebSite","@id":"https:\/\/zptlewiatan.pl\/#website","url":"https:\/\/zptlewiatan.pl\/","name":"Zwi\u0105zek Pracodawc\u00f3w Turystyki Lewiatan","description":"","publisher":{"@id":"https:\/\/zptlewiatan.pl\/#organization"},"potentialAction":[{"@type":"SearchAction","target":{"@type":"EntryPoint","urlTemplate":"https:\/\/zptlewiatan.pl\/?s={search_term_string}"},"query-input":"required name=search_term_string"}],"inLanguage":"pl-PL"},{"@type":"Organization","@id":"https:\/\/zptlewiatan.pl\/#organization","name":"Zwi\u0105zek Pracodawc\u00f3w Turystyki Lewiatan","url":"https:\/\/zptlewiatan.pl\/","logo":{"@type":"ImageObject","inLanguage":"pl-PL","@id":"https:\/\/zptlewiatan.pl\/#\/schema\/logo\/image\/","url":"https:\/\/zptlewiatan.pl\/wp-content\/uploads\/2016\/12\/cropped-Lewiatan_turystyka-male-e1579985180872.jpg","contentUrl":"https:\/\/zptlewiatan.pl\/wp-content\/uploads\/2016\/12\/cropped-Lewiatan_turystyka-male-e1579985180872.jpg","width":278,"height":90,"caption":"Zwi\u0105zek Pracodawc\u00f3w Turystyki Lewiatan"},"image":{"@id":"https:\/\/zptlewiatan.pl\/#\/schema\/logo\/image\/"}}]}},"jetpack_sharing_enabled":true,"jetpack_shortlink":"https:\/\/wp.me\/PaFHNI-1O","_links":{"self":[{"href":"https:\/\/zptlewiatan.pl\/index.php?rest_route=\/wp\/v2\/pages\/112","targetHints":{"allow":["GET"]}}],"collection":[{"href":"https:\/\/zptlewiatan.pl\/index.php?rest_route=\/wp\/v2\/pages"}],"about":[{"href":"https:\/\/zptlewiatan.pl\/index.php?rest_route=\/wp\/v2\/types\/page"}],"author":[{"embeddable":true,"href":"https:\/\/zptlewiatan.pl\/index.php?rest_route=\/wp\/v2\/users\/2"}],"replies":[{"embeddable":true,"href":"https:\/\/zptlewiatan.pl\/index.php?rest_route=%2Fwp%2Fv2%2Fcomments&post=112"}],"version-history":[{"count":2,"href":"https:\/\/zptlewiatan.pl\/index.php?rest_route=\/wp\/v2\/pages\/112\/revisions"}],"predecessor-version":[{"id":1850,"href":"https:\/\/zptlewiatan.pl\/index.php?rest_route=\/wp\/v2\/pages\/112\/revisions\/1850"}],"up":[{"embeddable":true,"href":"https:\/\/zptlewiatan.pl\/index.php?rest_route=\/wp\/v2\/pages\/13"}],"wp:attachment":[{"href":"https:\/\/zptlewiatan.pl\/index.php?rest_route=%2Fwp%2Fv2%2Fmedia&parent=112"}],"curies":[{"name":"wp","href":"https:\/\/api.w.org\/{rel}","templated":true}]}}