{"id":11,"date":"2016-12-11T15:53:14","date_gmt":"2016-12-11T14:53:14","guid":{"rendered":"http:\/\/serwer-ekredytobiorca.home.pl\/wp-temp\/?page_id=11"},"modified":"2018-06-21T22:52:52","modified_gmt":"2018-06-21T20:52:52","slug":"o-zwiazku","status":"publish","type":"page","link":"https:\/\/zptlewiatan.pl\/?page_id=11","title":{"rendered":"O zwi\u0105zku"},"content":{"rendered":"<p><!-- VideographyWP Plugin Message: Automatic video embedding prevented by plugin options. --><br \/>\n<a href=\"http:\/\/serwer1974575.home.pl\/autoinstalator\/wordpress6\/wp-content\/uploads\/2016\/12\/area-chair-city-4309.jpg\"><img loading=\"lazy\" decoding=\"async\" class=\"alignleft wp-image-21 size-medium\" src=\"http:\/\/serwer1974575.home.pl\/autoinstalator\/wordpress6\/wp-content\/uploads\/2016\/12\/area-chair-city-4309-300x200.jpg\" alt=\"\" width=\"300\" height=\"200\" srcset=\"https:\/\/zptlewiatan.pl\/wp-content\/uploads\/2016\/12\/area-chair-city-4309-300x200.jpg 300w, https:\/\/zptlewiatan.pl\/wp-content\/uploads\/2016\/12\/area-chair-city-4309-570x380.jpg 570w, https:\/\/zptlewiatan.pl\/wp-content\/uploads\/2016\/12\/area-chair-city-4309.jpg 640w\" sizes=\"auto, (max-width: 300px) 100vw, 300px\" \/><\/a>Zwi\u0105zek Prywatnych Pracodawc\u00f3w Turystyki Lewiatan \u00a0nale\u017cy do grona najstarszych zwi\u0105zk\u00f3w bran\u017cowych, skupionych w Polskiej Konfederacji Pracodawc\u00f3w Prywatnych Lewiatan. Nasz\u0105 dzia\u0142alno\u015b\u0107 rozpocz\u0119li\u015bmy jesieni\u0105 2002 roku.<\/p>\n<p>Biura turystyczne, to dzi\u015b wy\u0142\u0105cznie firmy prywatne, prywatni pracodawcy. Nasze problemy: zbyt sztywny kodeks pracy, skomplikowany i nadmierny fiskalizm, z\u0142e funkcjonowanie instytucji gospodarczych obs\u0142uguj\u0105cych biznes, zbyt cz\u0119ste zmiany przepis\u00f3w &#8211; s\u0105 bliskie problemom innych firm prywatnych. Borykamy si\u0119 te\u017c z bran\u017cowymi uci\u0105\u017cliwo\u015bciami: nadmiernie zr\u00f3\u017cnicowanymi podatkami w obszarach dzia\u0142alno\u015bci biur podr\u00f3\u017cy, niezrozumia\u0142ymi relacjami\u00a0 podatkowymi hotel-biuro turystyczne, komplikacjami z podatkiem VAT, r\u00f3\u017cnorodnymi interpretacjami przepis\u00f3w przez organy skarbowe, nieuczciw\u0105 konkurencj\u0105.<\/p>\n<p>Dalszy rozw\u00f3j przedsi\u0119biorstw turystycznych wi\u0105\u017ce si\u0119 z rozwojem infrastruktury, dostosowywaniem si\u0119 do nowych zasad gospodarczo-spo\u0142ecznych, oczekiwa\u0144 i wymog\u00f3w klient\u00f3w, z dobrymi relacjami pracodawca &#8211; pracownik. Szuka\u0107 w\u0142a\u015bciwych rozwi\u0105za\u0144 jest na pewno \u0142atwiej na forum wsp\u00f3lnej organizacji, powo\u0142anej do reprezentowania naszych odr\u0119bnych ale i wsp\u00f3lnych dla wszystkich pracodawc\u00f3w, problem\u00f3w.<\/p>\n<p>[wpgmza id=&#8221;1&#8243;]<\/p>\n","protected":false},"excerpt":{"rendered":"<p>Zwi\u0105zek Prywatnych Pracodawc\u00f3w Turystyki Lewiatan \u00a0nale\u017cy do grona najstarszych zwi\u0105zk\u00f3w bran\u017cowych, skupionych w Polskiej Konfederacji Pracodawc\u00f3w Prywatnych Lewiatan. Nasz\u0105 dzia\u0142alno\u015b\u0107 rozpocz\u0119li\u015bmy jesieni\u0105 2002 roku. Biura &hellip; <\/p>\n","protected":false},"author":2,"featured_media":0,"parent":0,"menu_order":0,"comment_status":"closed","ping_status":"closed","template":"","meta":{"jetpack_post_was_ever_published":false,"footnotes":""},"class_list":["post-11","page","type-page","status-publish","hentry"],"yoast_head":"<!-- This site is optimized with the Yoast SEO plugin v20.1 - https:\/\/yoast.com\/wordpress\/plugins\/seo\/ -->\n<title>O zwi\u0105zku - Zwi\u0105zek Pracodawc\u00f3w Turystyki Lewiatan<\/title>\n<meta name=\"robots\" content=\"index, follow, max-snippet:-1, max-image-preview:large, max-video-preview:-1\" \/>\n<link rel=\"canonical\" href=\"https:\/\/zptlewiatan.pl\/?page_id=11\" \/>\n<meta property=\"og:locale\" content=\"pl_PL\" \/>\n<meta property=\"og:type\" content=\"article\" \/>\n<meta property=\"og:title\" content=\"O zwi\u0105zku - Zwi\u0105zek Pracodawc\u00f3w Turystyki Lewiatan\" \/>\n<meta property=\"og:description\" content=\"Zwi\u0105zek Prywatnych Pracodawc\u00f3w Turystyki Lewiatan \u00a0nale\u017cy do grona najstarszych zwi\u0105zk\u00f3w bran\u017cowych, skupionych w Polskiej Konfederacji Pracodawc\u00f3w Prywatnych Lewiatan. Nasz\u0105 dzia\u0142alno\u015b\u0107 rozpocz\u0119li\u015bmy jesieni\u0105 2002 roku. Biura &hellip;\" \/>\n<meta property=\"og:url\" content=\"https:\/\/zptlewiatan.pl\/?page_id=11\" \/>\n<meta property=\"og:site_name\" content=\"Zwi\u0105zek Pracodawc\u00f3w Turystyki Lewiatan\" \/>\n<meta property=\"article:modified_time\" content=\"2018-06-21T20:52:52+00:00\" \/>\n<meta property=\"og:image\" content=\"http:\/\/serwer1974575.home.pl\/autoinstalator\/wordpress6\/wp-content\/uploads\/2016\/12\/area-chair-city-4309-300x200.jpg\" \/>\n<meta name=\"twitter:card\" content=\"summary_large_image\" \/>\n<meta name=\"twitter:label1\" content=\"Szacowany czas czytania\" \/>\n\t<meta name=\"twitter:data1\" content=\"1 minuta\" \/>\n<script type=\"application\/ld+json\" class=\"yoast-schema-graph\">{\"@context\":\"https:\/\/schema.org\",\"@graph\":[{\"@type\":\"WebPage\",\"@id\":\"https:\/\/zptlewiatan.pl\/?page_id=11\",\"url\":\"https:\/\/zptlewiatan.pl\/?page_id=11\",\"name\":\"O zwi\u0105zku - Zwi\u0105zek Pracodawc\u00f3w Turystyki Lewiatan\",\"isPartOf\":{\"@id\":\"http:\/\/zptlewiatan.pl\/#website\"},\"datePublished\":\"2016-12-11T14:53:14+00:00\",\"dateModified\":\"2018-06-21T20:52:52+00:00\",\"breadcrumb\":{\"@id\":\"https:\/\/zptlewiatan.pl\/?page_id=11#breadcrumb\"},\"inLanguage\":\"pl-PL\",\"potentialAction\":[{\"@type\":\"ReadAction\",\"target\":[\"https:\/\/zptlewiatan.pl\/?page_id=11\"]}]},{\"@type\":\"BreadcrumbList\",\"@id\":\"https:\/\/zptlewiatan.pl\/?page_id=11#breadcrumb\",\"itemListElement\":[{\"@type\":\"ListItem\",\"position\":1,\"name\":\"Strona g\u0142\u00f3wna\",\"item\":\"http:\/\/zptlewiatan.pl\/\"},{\"@type\":\"ListItem\",\"position\":2,\"name\":\"O zwi\u0105zku\"}]},{\"@type\":\"WebSite\",\"@id\":\"http:\/\/zptlewiatan.pl\/#website\",\"url\":\"http:\/\/zptlewiatan.pl\/\",\"name\":\"Zwi\u0105zek Pracodawc\u00f3w Turystyki Lewiatan\",\"description\":\"\",\"publisher\":{\"@id\":\"http:\/\/zptlewiatan.pl\/#organization\"},\"potentialAction\":[{\"@type\":\"SearchAction\",\"target\":{\"@type\":\"EntryPoint\",\"urlTemplate\":\"http:\/\/zptlewiatan.pl\/?s={search_term_string}\"},\"query-input\":\"required name=search_term_string\"}],\"inLanguage\":\"pl-PL\"},{\"@type\":\"Organization\",\"@id\":\"http:\/\/zptlewiatan.pl\/#organization\",\"name\":\"Zwi\u0105zek Pracodawc\u00f3w Turystyki Lewiatan\",\"url\":\"http:\/\/zptlewiatan.pl\/\",\"logo\":{\"@type\":\"ImageObject\",\"inLanguage\":\"pl-PL\",\"@id\":\"http:\/\/zptlewiatan.pl\/#\/schema\/logo\/image\/\",\"url\":\"https:\/\/zptlewiatan.pl\/wp-content\/uploads\/2016\/12\/cropped-Lewiatan_turystyka-male-e1579985180872.jpg\",\"contentUrl\":\"https:\/\/zptlewiatan.pl\/wp-content\/uploads\/2016\/12\/cropped-Lewiatan_turystyka-male-e1579985180872.jpg\",\"width\":278,\"height\":90,\"caption\":\"Zwi\u0105zek Pracodawc\u00f3w Turystyki Lewiatan\"},\"image\":{\"@id\":\"http:\/\/zptlewiatan.pl\/#\/schema\/logo\/image\/\"}}]}<\/script>\n<!-- \/ Yoast SEO plugin. -->","yoast_head_json":{"title":"O zwi\u0105zku - Zwi\u0105zek Pracodawc\u00f3w Turystyki Lewiatan","robots":{"index":"index","follow":"follow","max-snippet":"max-snippet:-1","max-image-preview":"max-image-preview:large","max-video-preview":"max-video-preview:-1"},"canonical":"https:\/\/zptlewiatan.pl\/?page_id=11","og_locale":"pl_PL","og_type":"article","og_title":"O zwi\u0105zku - Zwi\u0105zek Pracodawc\u00f3w Turystyki Lewiatan","og_description":"Zwi\u0105zek Prywatnych Pracodawc\u00f3w Turystyki Lewiatan \u00a0nale\u017cy do grona najstarszych zwi\u0105zk\u00f3w bran\u017cowych, skupionych w Polskiej Konfederacji Pracodawc\u00f3w Prywatnych Lewiatan. Nasz\u0105 dzia\u0142alno\u015b\u0107 rozpocz\u0119li\u015bmy jesieni\u0105 2002 roku. Biura &hellip;","og_url":"https:\/\/zptlewiatan.pl\/?page_id=11","og_site_name":"Zwi\u0105zek Pracodawc\u00f3w Turystyki Lewiatan","article_modified_time":"2018-06-21T20:52:52+00:00","og_image":[{"url":"http:\/\/serwer1974575.home.pl\/autoinstalator\/wordpress6\/wp-content\/uploads\/2016\/12\/area-chair-city-4309-300x200.jpg"}],"twitter_card":"summary_large_image","twitter_misc":{"Szacowany czas czytania":"1 minuta"},"schema":{"@context":"https:\/\/schema.org","@graph":[{"@type":"WebPage","@id":"https:\/\/zptlewiatan.pl\/?page_id=11","url":"https:\/\/zptlewiatan.pl\/?page_id=11","name":"O zwi\u0105zku - Zwi\u0105zek Pracodawc\u00f3w Turystyki Lewiatan","isPartOf":{"@id":"http:\/\/zptlewiatan.pl\/#website"},"datePublished":"2016-12-11T14:53:14+00:00","dateModified":"2018-06-21T20:52:52+00:00","breadcrumb":{"@id":"https:\/\/zptlewiatan.pl\/?page_id=11#breadcrumb"},"inLanguage":"pl-PL","potentialAction":[{"@type":"ReadAction","target":["https:\/\/zptlewiatan.pl\/?page_id=11"]}]},{"@type":"BreadcrumbList","@id":"https:\/\/zptlewiatan.pl\/?page_id=11#breadcrumb","itemListElement":[{"@type":"ListItem","position":1,"name":"Strona g\u0142\u00f3wna","item":"http:\/\/zptlewiatan.pl\/"},{"@type":"ListItem","position":2,"name":"O zwi\u0105zku"}]},{"@type":"WebSite","@id":"http:\/\/zptlewiatan.pl\/#website","url":"http:\/\/zptlewiatan.pl\/","name":"Zwi\u0105zek Pracodawc\u00f3w Turystyki Lewiatan","description":"","publisher":{"@id":"http:\/\/zptlewiatan.pl\/#organization"},"potentialAction":[{"@type":"SearchAction","target":{"@type":"EntryPoint","urlTemplate":"http:\/\/zptlewiatan.pl\/?s={search_term_string}"},"query-input":"required name=search_term_string"}],"inLanguage":"pl-PL"},{"@type":"Organization","@id":"http:\/\/zptlewiatan.pl\/#organization","name":"Zwi\u0105zek Pracodawc\u00f3w Turystyki Lewiatan","url":"http:\/\/zptlewiatan.pl\/","logo":{"@type":"ImageObject","inLanguage":"pl-PL","@id":"http:\/\/zptlewiatan.pl\/#\/schema\/logo\/image\/","url":"https:\/\/zptlewiatan.pl\/wp-content\/uploads\/2016\/12\/cropped-Lewiatan_turystyka-male-e1579985180872.jpg","contentUrl":"https:\/\/zptlewiatan.pl\/wp-content\/uploads\/2016\/12\/cropped-Lewiatan_turystyka-male-e1579985180872.jpg","width":278,"height":90,"caption":"Zwi\u0105zek Pracodawc\u00f3w Turystyki Lewiatan"},"image":{"@id":"http:\/\/zptlewiatan.pl\/#\/schema\/logo\/image\/"}}]}},"jetpack_sharing_enabled":true,"jetpack_shortlink":"https:\/\/wp.me\/PaFHNI-b","_links":{"self":[{"href":"https:\/\/zptlewiatan.pl\/index.php?rest_route=\/wp\/v2\/pages\/11","targetHints":{"allow":["GET"]}}],"collection":[{"href":"https:\/\/zptlewiatan.pl\/index.php?rest_route=\/wp\/v2\/pages"}],"about":[{"href":"https:\/\/zptlewiatan.pl\/index.php?rest_route=\/wp\/v2\/types\/page"}],"author":[{"embeddable":true,"href":"https:\/\/zptlewiatan.pl\/index.php?rest_route=\/wp\/v2\/users\/2"}],"replies":[{"embeddable":true,"href":"https:\/\/zptlewiatan.pl\/index.php?rest_route=%2Fwp%2Fv2%2Fcomments&post=11"}],"version-history":[{"count":0,"href":"https:\/\/zptlewiatan.pl\/index.php?rest_route=\/wp\/v2\/pages\/11\/revisions"}],"wp:attachment":[{"href":"https:\/\/zptlewiatan.pl\/index.php?rest_route=%2Fwp%2Fv2%2Fmedia&parent=11"}],"curies":[{"name":"wp","href":"https:\/\/api.w.org\/{rel}","templated":true}]}}